{"id":1687,"date":"2024-05-01T09:40:47","date_gmt":"2024-05-01T09:40:47","guid":{"rendered":"https:\/\/ndcnavigator.org\/oportunidades-de-apoyo\/"},"modified":"2024-09-05T13:46:58","modified_gmt":"2024-09-05T13:46:58","slug":"oportunidades-de-apoyo","status":"publish","type":"page","link":"https:\/\/ndcnavigator.org\/es\/oportunidades-de-apoyo\/","title":{"rendered":"Oportunidades de apoyo"},"content":{"rendered":"\n<div class=\"wp-block-group alignwide is-layout-flow wp-container-core-group-is-layout-18906f75 wp-block-group-is-layout-flow\">\n<div class=\"wp-block-group has-global-padding is-layout-constrained wp-block-group-is-layout-constrained\">\n<p class=\"is-style-prefix-bold has-large-font-size\">El Navegador NDC 3.0 pretende proporcionar informaci\u00f3n e inspiraci\u00f3n ayudando a los pa\u00edses a hacer balance de las necesidades en todo un espectro de oportunidades de mejora de las NDC y a identificar y priorizar las \u00e1reas m\u00e1s apropiadas para aumentar la ambici\u00f3n dentro de su contexto nacional.<\/p>\n\n\n\n<p>La NDC Partnership apoya a los <a data-type=\"link\" data-id=\"https:\/\/ndcpartnership.org\/about\/members\" href=\"https:\/\/ndcpartnership.org\/about\/members\" target=\"_blank\" rel=\"noreferrer noopener\">pa\u00edses en desarrollo miembros que<\/a> lo soliciten con <a href=\"https:\/\/ndcpartnership.org\/country-action\/ndc-partnership-thematic-call-lt-leds-and-ndc-alignment-update-and-enhancement\" target=\"_blank\" rel=\"noreferrer noopener\">recursos y conocimientos coordinados<\/a> para desarrollar y alinear Contribuciones Determinadas a Nivel Nacional (NDC) y Estrategias a largo plazo para un desarrollo con bajas emisiones de gases de efecto invernadero (LT-LEDS) en l\u00ednea con el Acuerdo de Par\u00eds.\nEl secretariado de la CMNUCC tambi\u00e9n ha desarrollado una <a href=\"https:\/\/unfccc.int\/ndc-3.0\">p\u00e1gina web<\/a> sobre las NDC 3.0 que proporciona recursos adicionales sobre el apoyo disponible para que los pa\u00edses desarrollen sus NDC 3.0. <\/p>\n\n\n\n<p>Si los pa\u00edses desean m\u00e1s informaci\u00f3n sobre c\u00f3mo la NDC Partnership puede apoyar el desarrollo de su NDC 3.0, les invitamos a que se pongan en contacto con nosotros utilizando el siguiente formulario:<\/p>\n<\/div>\n\n\n\n<div class=\"wp-block-group alignwide has-blue-tint-background-color has-background has-global-padding is-layout-constrained wp-container-core-group-is-layout-dcd69aa2 wp-block-group-is-layout-constrained\" style=\"padding-top:var(--wp--preset--spacing--64);padding-right:var(--wp--preset--spacing--36);padding-bottom:var(--wp--preset--spacing--64);padding-left:var(--wp--preset--spacing--36)\"><div class=\"frm_forms c-form \" id=\"frm_form_3_container\" data-token=\"28fc137d4df95bc7f47316357f4dc0c1\">\n<form enctype=\"multipart\/form-data\" method=\"post\" class=\"frm-show-form  frm_js_validate  frm_ajax_submit  frm_pro_form \" id=\"form_support\" data-token=\"28fc137d4df95bc7f47316357f4dc0c1\">\n<div class=\"frm_form_fields \">\n<fieldset>\n<legend class=\"frm_screen_reader\">Support<\/legend>\r\n\r\n<div class=\"frm_fields_container\">\n<input type=\"hidden\" name=\"frm_action\" value=\"create\" \/>\n<input type=\"hidden\" name=\"form_id\" value=\"3\" \/>\n<input type=\"hidden\" name=\"frm_hide_fields_3\" id=\"frm_hide_fields_3\" value=\"\" \/>\n<input type=\"hidden\" name=\"form_key\" value=\"support\" \/>\n<input type=\"hidden\" name=\"item_meta[0]\" value=\"\" \/>\n<input type=\"hidden\" id=\"frm_submit_entry_3\" name=\"frm_submit_entry_3\" value=\"3e52d9c170\" \/><input type=\"hidden\" name=\"_wp_http_referer\" value=\"\/es\/wp-json\/wp\/v2\/pages\/1687\" \/><div id=\"frm_field_25_container\" class=\"frm_form_field form-field  frm_required_field frm_top_container\">\r\n\t<label for=\"field_8w0kl\" id=\"field_8w0kl_label\" class=\"frm_primary_label\">Tu nombre:\r\n\t\t<span class=\"frm_required\" aria-hidden=\"true\">*<\/span>\r\n\t<\/label>\r\n\t<input  type=\"text\" id=\"field_8w0kl\" name=\"item_meta[25]\" value=\"\"  data-reqmsg=\"Tu nombre: cannot be blank.\" aria-required=\"true\" data-invmsg=\"Tu nombre: is invalid\" aria-invalid=\"false\"   \/>\r\n\t\r\n\t\r\n<\/div>\n<div id=\"frm_field_35_container\" class=\"frm_form_field form-field  frm_required_field frm_top_container\">\r\n\t<label for=\"field_ahxwl\" id=\"field_ahxwl_label\" class=\"frm_primary_label\">Correo electr\u00f3nico:\r\n\t\t<span class=\"frm_required\" aria-hidden=\"true\">*<\/span>\r\n\t<\/label>\r\n\t<input  type=\"text\" id=\"field_ahxwl\" name=\"item_meta[35]\" value=\"\"  data-reqmsg=\"Correo electr\u00f3nico: cannot be blank.\" aria-required=\"true\" data-invmsg=\"Correo electr\u00f3nico: is invalid\" aria-invalid=\"false\"   \/>\r\n\t\r\n\t\r\n<\/div>\n<div id=\"frm_field_26_container\" class=\"frm_form_field form-field  frm_required_field frm_top_container\">\r\n\t<label for=\"field_itqr0\" id=\"field_itqr0_label\" class=\"frm_primary_label\">Tu pa\u00eds:\r\n\t\t<span class=\"frm_required\" aria-hidden=\"true\">*<\/span>\r\n\t<\/label>\r\n\t<input  type=\"text\" id=\"field_itqr0\" name=\"item_meta[26]\" value=\"\"  data-reqmsg=\"Tu pa\u00eds: cannot be blank.\" aria-required=\"true\" data-invmsg=\"Tu pa\u00eds: is invalid\" aria-invalid=\"false\"   \/>\r\n\t\r\n\t\r\n<\/div>\n<div id=\"frm_field_27_container\" class=\"frm_form_field form-field  frm_required_field frm_top_container\">\r\n\t<label for=\"field_1019g\" id=\"field_1019g_label\" class=\"frm_primary_label\">Tu ministerio:\r\n\t\t<span class=\"frm_required\" aria-hidden=\"true\">*<\/span>\r\n\t<\/label>\r\n\t<input  type=\"text\" id=\"field_1019g\" name=\"item_meta[27]\" value=\"\"  data-reqmsg=\"Tu ministerio: cannot be blank.\" aria-required=\"true\" data-invmsg=\"Tu ministerio: is invalid\" aria-invalid=\"false\"   \/>\r\n\t\r\n\t\r\n<\/div>\n<div id=\"frm_field_28_container\" class=\"frm_form_field form-field  frm_required_field frm_top_container\">\r\n\t<label for=\"field_fxygd\" id=\"field_fxygd_label\" class=\"frm_primary_label\">Describa brevemente el tipo de ayuda que solicita:\r\n\t\t<span class=\"frm_required\" aria-hidden=\"true\">*<\/span>\r\n\t<\/label>\r\n\t<textarea name=\"item_meta[28]\" id=\"field_fxygd\"  data-reqmsg=\"Describa brevemente el tipo de ayuda que solicita: cannot be blank.\" aria-required=\"true\" data-invmsg=\"Describa brevemente el tipo de ayuda que solicita: is invalid\" aria-invalid=\"false\"  ><\/textarea>\r\n\t\r\n\t\r\n<\/div>\n<div id=\"frm_field_24_container\" class=\"frm_form_field form-field \">\r\n\t<div class=\"frm_submit frm_flex\">\r\n<button class=\"frm_button_submit frm_final_submit\" type=\"submit\"  >Enviar<\/button>\r\n\r\n\r\n\r\n<\/div>\r\n<\/div>\n\t<input type=\"hidden\" name=\"item_key\" value=\"\" \/>\n\t\t\t<div id=\"frm_field_37_container\">\n\t\t\t<label for=\"field_8fwrb\" >\n\t\t\t\tIf you are human, leave this field blank.\t\t\t<\/label>\n\t\t\t<input  id=\"field_8fwrb\" type=\"text\" class=\"frm_form_field form-field frm_verify\" name=\"item_meta[37]\" value=\"\"  \/>\n\t\t<\/div>\n\t\t<input name=\"frm_state\" type=\"hidden\" value=\"fh+CitXnezOMvtXsrdDs+8pPhsY0ZQ4wNfSdNrwWYr+HRDTsYHUdqrWIrX3vCfB\/\" \/><\/div>\n<\/fieldset>\n<\/div>\n\n<\/form>\n<\/div>\n<\/div>\n<\/div>\n","protected":false},"excerpt":{"rendered":"<p>El Navegador NDC 3.0 pretende proporcionar informaci\u00f3n e inspiraci\u00f3n ayudando a los pa\u00edses a hacer balance de las necesidades en todo un espectro de oportunidades de mejora de las NDC y a identificar y priorizar las \u00e1reas m\u00e1s apropiadas para aumentar la ambici\u00f3n dentro de su contexto nacional. La NDC Partnership apoya a los pa\u00edses [&hellip;]<\/p>\n","protected":false},"author":1,"featured_media":0,"parent":0,"menu_order":5,"comment_status":"closed","ping_status":"closed","template":"","meta":{"_acf_changed":false,"inline_featured_image":false,"footnotes":""},"class_list":["post-1687","page","type-page","status-publish","hentry"],"acf":[],"yoast_head":"<!-- This site is optimized with the Yoast SEO plugin v26.9 - https:\/\/yoast.com\/product\/yoast-seo-wordpress\/ -->\n<title>Oportunidades de apoyo - Navegador NDC 3.0<\/title>\n<meta name=\"robots\" content=\"index, follow, max-snippet:-1, max-image-preview:large, max-video-preview:-1\" \/>\n<link rel=\"canonical\" href=\"https:\/\/ndcnavigator.org\/es\/oportunidades-de-apoyo\/\" \/>\n<meta property=\"og:locale\" content=\"es_ES\" \/>\n<meta property=\"og:type\" content=\"article\" \/>\n<meta property=\"og:title\" content=\"Oportunidades de apoyo - Navegador NDC 3.0\" \/>\n<meta property=\"og:description\" content=\"El Navegador NDC 3.0 pretende proporcionar informaci\u00f3n e inspiraci\u00f3n ayudando a los pa\u00edses a hacer balance de las necesidades en todo un espectro de oportunidades de mejora de las NDC y a identificar y priorizar las \u00e1reas m\u00e1s apropiadas para aumentar la ambici\u00f3n dentro de su contexto nacional. La NDC Partnership apoya a los pa\u00edses [&hellip;]\" \/>\n<meta property=\"og:url\" content=\"https:\/\/ndcnavigator.org\/es\/oportunidades-de-apoyo\/\" \/>\n<meta property=\"og:site_name\" content=\"Navegador NDC 3.0\" \/>\n<meta property=\"article:publisher\" content=\"https:\/\/www.facebook.com\/ndcpartnership\/\" \/>\n<meta property=\"article:modified_time\" content=\"2024-09-05T13:46:58+00:00\" \/>\n<meta name=\"twitter:card\" content=\"summary_large_image\" \/>\n<meta name=\"twitter:site\" content=\"@ndcpartnership\" \/>\n<meta name=\"twitter:label1\" content=\"Est. reading time\" \/>\n\t<meta name=\"twitter:data1\" content=\"1 minute\" \/>\n<script type=\"application\/ld+json\" class=\"yoast-schema-graph\">{\"@context\":\"https:\/\/schema.org\",\"@graph\":[{\"@type\":\"WebPage\",\"@id\":\"https:\/\/ndcnavigator.org\/es\/oportunidades-de-apoyo\/\",\"url\":\"https:\/\/ndcnavigator.org\/es\/oportunidades-de-apoyo\/\",\"name\":\"Oportunidades de apoyo - Navegador NDC 3.0\",\"isPartOf\":{\"@id\":\"https:\/\/ndcnavigator.org\/es\/#website\"},\"datePublished\":\"2024-05-01T09:40:47+00:00\",\"dateModified\":\"2024-09-05T13:46:58+00:00\",\"breadcrumb\":{\"@id\":\"https:\/\/ndcnavigator.org\/es\/oportunidades-de-apoyo\/#breadcrumb\"},\"inLanguage\":\"es-ES\",\"potentialAction\":[{\"@type\":\"ReadAction\",\"target\":[\"https:\/\/ndcnavigator.org\/es\/oportunidades-de-apoyo\/\"]}]},{\"@type\":\"BreadcrumbList\",\"@id\":\"https:\/\/ndcnavigator.org\/es\/oportunidades-de-apoyo\/#breadcrumb\",\"itemListElement\":[{\"@type\":\"ListItem\",\"position\":1,\"name\":\"Inicio\",\"item\":\"https:\/\/ndcnavigator.org\/es\/\"},{\"@type\":\"ListItem\",\"position\":2,\"name\":\"Oportunidades de apoyo\"}]},{\"@type\":\"WebSite\",\"@id\":\"https:\/\/ndcnavigator.org\/es\/#website\",\"url\":\"https:\/\/ndcnavigator.org\/es\/\",\"name\":\"NDC 3.0 Navigator\",\"description\":\"\",\"publisher\":{\"@id\":\"https:\/\/ndcnavigator.org\/es\/#organization\"},\"potentialAction\":[{\"@type\":\"SearchAction\",\"target\":{\"@type\":\"EntryPoint\",\"urlTemplate\":\"https:\/\/ndcnavigator.org\/es\/?s={search_term_string}\"},\"query-input\":{\"@type\":\"PropertyValueSpecification\",\"valueRequired\":true,\"valueName\":\"search_term_string\"}}],\"inLanguage\":\"es-ES\"},{\"@type\":\"Organization\",\"@id\":\"https:\/\/ndcnavigator.org\/es\/#organization\",\"name\":\"NDC Partnership\",\"url\":\"https:\/\/ndcnavigator.org\/es\/\",\"logo\":{\"@type\":\"ImageObject\",\"inLanguage\":\"es-ES\",\"@id\":\"https:\/\/ndcnavigator.org\/es\/#\/schema\/logo\/image\/\",\"url\":\"https:\/\/ndcnavigator.org\/wp-content\/uploads\/2024\/05\/logo-ndcp.png\",\"contentUrl\":\"https:\/\/ndcnavigator.org\/wp-content\/uploads\/2024\/05\/logo-ndcp.png\",\"width\":460,\"height\":260,\"caption\":\"NDC Partnership\"},\"image\":{\"@id\":\"https:\/\/ndcnavigator.org\/es\/#\/schema\/logo\/image\/\"},\"sameAs\":[\"https:\/\/www.facebook.com\/ndcpartnership\/\",\"https:\/\/x.com\/ndcpartnership\",\"https:\/\/www.linkedin.com\/company\/ndcpartnership\/\",\"https:\/\/www.youtube.com\/channel\/UCI9wdmuD1OsgqipKpTUGSsg\",\"https:\/\/www.instagram.com\/ndcpartnership\/\",\"https:\/\/issuu.com\/ndcpartnership\"]}]}<\/script>\n<!-- \/ Yoast SEO plugin. -->","yoast_head_json":{"title":"Oportunidades de apoyo - Navegador NDC 3.0","robots":{"index":"index","follow":"follow","max-snippet":"max-snippet:-1","max-image-preview":"max-image-preview:large","max-video-preview":"max-video-preview:-1"},"canonical":"https:\/\/ndcnavigator.org\/es\/oportunidades-de-apoyo\/","og_locale":"es_ES","og_type":"article","og_title":"Oportunidades de apoyo - Navegador NDC 3.0","og_description":"El Navegador NDC 3.0 pretende proporcionar informaci\u00f3n e inspiraci\u00f3n ayudando a los pa\u00edses a hacer balance de las necesidades en todo un espectro de oportunidades de mejora de las NDC y a identificar y priorizar las \u00e1reas m\u00e1s apropiadas para aumentar la ambici\u00f3n dentro de su contexto nacional. La NDC Partnership apoya a los pa\u00edses [&hellip;]","og_url":"https:\/\/ndcnavigator.org\/es\/oportunidades-de-apoyo\/","og_site_name":"Navegador NDC 3.0","article_publisher":"https:\/\/www.facebook.com\/ndcpartnership\/","article_modified_time":"2024-09-05T13:46:58+00:00","twitter_card":"summary_large_image","twitter_site":"@ndcpartnership","twitter_misc":{"Est. reading time":"1 minute"},"schema":{"@context":"https:\/\/schema.org","@graph":[{"@type":"WebPage","@id":"https:\/\/ndcnavigator.org\/es\/oportunidades-de-apoyo\/","url":"https:\/\/ndcnavigator.org\/es\/oportunidades-de-apoyo\/","name":"Oportunidades de apoyo - Navegador NDC 3.0","isPartOf":{"@id":"https:\/\/ndcnavigator.org\/es\/#website"},"datePublished":"2024-05-01T09:40:47+00:00","dateModified":"2024-09-05T13:46:58+00:00","breadcrumb":{"@id":"https:\/\/ndcnavigator.org\/es\/oportunidades-de-apoyo\/#breadcrumb"},"inLanguage":"es-ES","potentialAction":[{"@type":"ReadAction","target":["https:\/\/ndcnavigator.org\/es\/oportunidades-de-apoyo\/"]}]},{"@type":"BreadcrumbList","@id":"https:\/\/ndcnavigator.org\/es\/oportunidades-de-apoyo\/#breadcrumb","itemListElement":[{"@type":"ListItem","position":1,"name":"Inicio","item":"https:\/\/ndcnavigator.org\/es\/"},{"@type":"ListItem","position":2,"name":"Oportunidades de apoyo"}]},{"@type":"WebSite","@id":"https:\/\/ndcnavigator.org\/es\/#website","url":"https:\/\/ndcnavigator.org\/es\/","name":"NDC 3.0 Navigator","description":"","publisher":{"@id":"https:\/\/ndcnavigator.org\/es\/#organization"},"potentialAction":[{"@type":"SearchAction","target":{"@type":"EntryPoint","urlTemplate":"https:\/\/ndcnavigator.org\/es\/?s={search_term_string}"},"query-input":{"@type":"PropertyValueSpecification","valueRequired":true,"valueName":"search_term_string"}}],"inLanguage":"es-ES"},{"@type":"Organization","@id":"https:\/\/ndcnavigator.org\/es\/#organization","name":"NDC Partnership","url":"https:\/\/ndcnavigator.org\/es\/","logo":{"@type":"ImageObject","inLanguage":"es-ES","@id":"https:\/\/ndcnavigator.org\/es\/#\/schema\/logo\/image\/","url":"https:\/\/ndcnavigator.org\/wp-content\/uploads\/2024\/05\/logo-ndcp.png","contentUrl":"https:\/\/ndcnavigator.org\/wp-content\/uploads\/2024\/05\/logo-ndcp.png","width":460,"height":260,"caption":"NDC Partnership"},"image":{"@id":"https:\/\/ndcnavigator.org\/es\/#\/schema\/logo\/image\/"},"sameAs":["https:\/\/www.facebook.com\/ndcpartnership\/","https:\/\/x.com\/ndcpartnership","https:\/\/www.linkedin.com\/company\/ndcpartnership\/","https:\/\/www.youtube.com\/channel\/UCI9wdmuD1OsgqipKpTUGSsg","https:\/\/www.instagram.com\/ndcpartnership\/","https:\/\/issuu.com\/ndcpartnership"]}]}},"_links":{"self":[{"href":"https:\/\/ndcnavigator.org\/es\/wp-json\/wp\/v2\/pages\/1687","targetHints":{"allow":["GET"]}}],"collection":[{"href":"https:\/\/ndcnavigator.org\/es\/wp-json\/wp\/v2\/pages"}],"about":[{"href":"https:\/\/ndcnavigator.org\/es\/wp-json\/wp\/v2\/types\/page"}],"author":[{"embeddable":true,"href":"https:\/\/ndcnavigator.org\/es\/wp-json\/wp\/v2\/users\/1"}],"replies":[{"embeddable":true,"href":"https:\/\/ndcnavigator.org\/es\/wp-json\/wp\/v2\/comments?post=1687"}],"version-history":[{"count":14,"href":"https:\/\/ndcnavigator.org\/es\/wp-json\/wp\/v2\/pages\/1687\/revisions"}],"predecessor-version":[{"id":2002,"href":"https:\/\/ndcnavigator.org\/es\/wp-json\/wp\/v2\/pages\/1687\/revisions\/2002"}],"wp:attachment":[{"href":"https:\/\/ndcnavigator.org\/es\/wp-json\/wp\/v2\/media?parent=1687"}],"curies":[{"name":"wp","href":"https:\/\/api.w.org\/{rel}","templated":true}]}}