{"id":1697,"date":"2024-05-29T11:28:59","date_gmt":"2024-05-29T11:28:59","guid":{"rendered":"https:\/\/ndcnavigator.org\/socios\/"},"modified":"2025-06-18T15:28:12","modified_gmt":"2025-06-18T15:28:12","slug":"socios","status":"publish","type":"page","link":"https:\/\/ndcnavigator.org\/es\/socios\/","title":{"rendered":"Socios"},"content":{"rendered":"\n<div class=\"wp-block-group alignwide has-global-padding is-content-justification-left is-layout-constrained wp-container-core-group-is-layout-366c5339 wp-block-group-is-layout-constrained\">\n<p>El NDC Partnership elabor\u00f3 el Navegador NDC 3.0 en colaboraci\u00f3n con el secretariado de la CMNUCC y con aportaciones t\u00e9cnicas del PNUD, el WRI y Ricardo. La estructura del Navegador, as\u00ed como las estrategias, los estudios de casos y las orientaciones que contiene, se elaboraron mediante encuestas, entrevistas y compromisos con las partes interesadas de los pa\u00edses y con expertos de una amplia gama de organizaciones, entre las que se incluyen: <\/p>\n\n\n\n<div class=\"wp-block-group has-global-padding is-layout-constrained wp-container-core-group-is-layout-ff6e4433 wp-block-group-is-layout-constrained\">\n<p><a href=\"https:\/\/2050pathways.org\/\" target=\"_blank\" rel=\"noreferrer noopener\">Plataforma Caminos 2050<\/a><\/p>\n\n\n\n<p><a href=\"https:\/\/www.adb.org\/\" target=\"_blank\" rel=\"noreferrer noopener\">Banco Asi\u00e1tico de Desarrollo (BAD)<\/a><\/p>\n\n\n\n<p><a href=\"https:\/\/www.c40.org\/\" target=\"_blank\" rel=\"noreferrer noopener\">Ciudades C40<\/a><\/p>\n\n\n\n<p><a href=\"https:\/\/climateanalytics.org\/\" target=\"_blank\" rel=\"noreferrer noopener\">An\u00e1lisis clim\u00e1tico<\/a><\/p>\n\n\n\n<p><a href=\"https:\/\/www.climatepolicyinitiative.org\/\" data-type=\"link\" data-id=\"https:\/\/www.climatepolicyinitiative.org\/\" target=\"_blank\" rel=\"noreferrer noopener\">Iniciativa de Pol\u00edtica Clim\u00e1tica (IPC)<\/a><\/p>\n\n\n\n<p><a href=\"https:\/\/thecommonwealth.org\/\" target=\"_blank\" rel=\"noreferrer noopener\">Secretar\u00eda de la Commonwealth<\/a><\/p>\n\n\n\n<p><a href=\"https:\/\/www.conservation.org\/\" target=\"_blank\" rel=\"noreferrer noopener\">Conservaci\u00f3n Internacional (CI)<\/a><\/p>\n\n\n\n<p><a href=\"https:\/\/www.giz.de\/en\/html\/index.html\" target=\"_blank\" rel=\"noreferrer noopener\">Deutsche Gesellschaft f\u00fcr Internationale Zusammenarbeit GmbH (GIZ)<\/a><\/p>\n\n\n\n<p><a href=\"https:\/\/europeanclimate.org\/\" target=\"_blank\" rel=\"noreferrer noopener\">Fundaci\u00f3n Europea del Clima (ECF)<\/a><\/p>\n\n\n\n<p><a href=\"https:\/\/www.fao.org\/home\/en\" target=\"_blank\" rel=\"noreferrer noopener\">Organizaci\u00f3n de las Naciones Unidas para la Agricultura y la Alimentaci\u00f3n (FAO)<\/a><\/p>\n\n\n\n<p><a href=\"https:\/\/www.umweltbundesamt.de\/en\" target=\"_blank\" rel=\"noreferrer noopener\">Agencia Alemana de Medio Ambiente &#8211; Umweltbundesamt (UBA)<\/a><\/p>\n\n\n\n<p><a href=\"https:\/\/www.globalcovenantofmayors.org\/\" data-type=\"link\" data-id=\"https:\/\/www.globalcovenantofmayors.org\/\" target=\"_blank\" rel=\"noreferrer noopener\">Pacto Mundial de los Alcaldes para el Clima y la Energ\u00eda (GCoM)<\/a><\/p>\n\n\n\n<p><a href=\"https:\/\/www.thegef.org\/\" target=\"_blank\" rel=\"noreferrer noopener\">Fondo para el Medio Ambiente Mundial (FMAM)<\/a><\/p>\n\n\n\n<p><a href=\"https:\/\/gggi.org\/\" target=\"_blank\" rel=\"noreferrer noopener\">Instituto Global de Crecimiento Verde (GGGI)<\/a><\/p>\n\n\n\n<p><a href=\"https:\/\/www.greenclimate.fund\/\" data-type=\"link\" data-id=\"https:\/\/www.greenclimate.fund\/\" target=\"_blank\" rel=\"noreferrer noopener\">Fondo Verde para el Clima (GCF)<\/a><\/p>\n\n\n\n<p><a href=\"https:\/\/iclei.org\/\" target=\"_blank\" rel=\"noreferrer noopener\">ICLEI &#8211; Gobiernos Locales por la Sostenibilidad<\/a><\/p>\n\n\n\n<p><a href=\"https:\/\/climateactiontransparency.org\/\" target=\"_blank\" rel=\"noreferrer noopener\">Iniciativa para la Transparencia de la Acci\u00f3n Clim\u00e1tica (ICAT)<\/a><\/p>\n\n\n\n<p><a href=\"https:\/\/www.iaea.org\/\" target=\"_blank\" rel=\"noreferrer noopener\">Organismo Internacional de la Energ\u00eda At\u00f3mica (OIEA)<\/a><\/p>\n\n\n\n<p><a href=\"https:\/\/www.iea.org\/\" target=\"_blank\" rel=\"noreferrer noopener\">Agencia Internacional de la Energ\u00eda (AIE)<\/a><\/p>\n\n\n\n<p><a href=\"https:\/\/www.ifad.org\/en\/\" target=\"_blank\" rel=\"noreferrer noopener\">Fondo Internacional de Desarrollo Agr\u00edcola (FIDA)<\/a><\/p>\n\n\n\n<p><a href=\"https:\/\/www.iisd.org\/\" target=\"_blank\" rel=\"noreferrer noopener\">Instituto Internacional para el Desarrollo Sostenible (IISD)<\/a><\/p>\n\n\n\n<p><a href=\"https:\/\/www.iigcc.org\/\" target=\"_blank\" rel=\"noreferrer noopener\">Grupo Internacional de Inversores sobre el Cambio Clim\u00e1tico (IIGCC)<\/a><\/p>\n\n\n\n<p><a href=\"https:\/\/www.ilo.org\/\" target=\"_blank\" rel=\"noreferrer noopener\">Organizaci\u00f3n Internacional del Trabajo (OIT)<\/a><\/p>\n\n\n\n<p><a href=\"https:\/\/www.iom.int\/\" target=\"_blank\" rel=\"noreferrer noopener\">Organizaci\u00f3n Internacional para las Migraciones (OIM)<\/a><\/p>\n\n\n\n<p><a href=\"https:\/\/www.irena.org\/\" target=\"_blank\" rel=\"noreferrer noopener\">Agencia Internacional de Energ\u00edas Renovables (IRENA)<\/a><\/p>\n\n\n\n<p><a href=\"https:\/\/iucn.org\/\" target=\"_blank\" rel=\"noreferrer noopener\">Uni\u00f3n Internacional para la Conservaci\u00f3n de la Naturaleza (UICN)<\/a><\/p>\n\n\n\n<p><a href=\"https:\/\/www.linkedin.com\/\" target=\"_blank\" rel=\"noreferrer noopener\">LinkedIn<\/a><\/p>\n\n\n\n<p><a href=\"https:\/\/www.pewtrusts.org\/en\/\" target=\"_blank\" rel=\"noreferrer noopener\">Pew Charitable Trusts<\/a><\/p>\n\n\n\n<p><a href=\"https:\/\/poweringpastcoal.org\/\" target=\"_blank\" rel=\"noreferrer noopener\">Alianza Powering Past Coal (PPCA)<\/a><\/p>\n\n\n\n<p><a href=\"https:\/\/pacificndc.org\/\" target=\"_blank\" rel=\"noreferrer noopener\">Centro Regional del Pac\u00edfico para la CND<\/a><\/p>\n\n\n\n<p><a href=\"https:\/\/www.nature.org\/\" target=\"_blank\" rel=\"noreferrer noopener\">The Nature Conservancy (TNC)<\/a><\/p>\n\n\n\n<p><a href=\"https:\/\/www.undp.org\/\" target=\"_blank\" rel=\"noreferrer noopener\">Programa de las Naciones Unidas para el Desarrollo (PNUD)<\/a><\/p>\n\n\n\n<p><a href=\"https:\/\/www.unescap.org\/\" target=\"_blank\" rel=\"noreferrer noopener\">Comisi\u00f3n Econ\u00f3mica y Social de las Naciones Unidas para Asia y el Pac\u00edfico (CESPAP)<\/a><\/p>\n\n\n\n<p><a href=\"https:\/\/www.unep.org\/\" target=\"_blank\" rel=\"noreferrer noopener\">Programa de las Naciones Unidas para el Medio Ambiente (PNUMA)<\/a><\/p>\n\n\n\n<p><a href=\"https:\/\/www.unilever.com\/\" target=\"_blank\" rel=\"noreferrer noopener\">Unilever<\/a><\/p>\n\n\n\n<p><a href=\"https:\/\/www.wri.org\/\" target=\"_blank\" rel=\"noreferrer noopener\">Instituto de Recursos Mundiales (WRI)<\/a><\/p>\n\n\n\n<p><a href=\"https:\/\/www.worldwildlife.org\/\" target=\"_blank\" rel=\"noreferrer noopener\">Fondo Mundial para la Naturaleza (WWF)<\/a><\/p>\n<\/div>\n\n\n\n<div class=\"wp-block-group has-global-padding is-layout-constrained wp-container-core-group-is-layout-ff6e4433 wp-block-group-is-layout-constrained\">\n<p><strong>Los gobiernos de los siguientes pa\u00edses recibieron valiosos comentarios:<\/strong><\/p>\n\n\n\n<p>Chile<\/p>\n\n\n\n<p>Colombia<\/p>\n\n\n\n<p>Etiop\u00eda<\/p>\n\n\n\n<p>Georgia<\/p>\n\n\n\n<p>Alemania<\/p>\n\n\n\n<p>Guatemala<\/p>\n\n\n\n<p>Honduras<\/p>\n\n\n\n<p>Kenia<\/p>\n\n\n\n<p>Mongolia<\/p>\n\n\n\n<p>Marruecos<\/p>\n\n\n\n<p>Mozambique<\/p>\n\n\n\n<p>N\u00edger<\/p>\n\n\n\n<p>Panam\u00e1<\/p>\n\n\n\n<p>Per\u00fa<\/p>\n\n\n\n<p>Rep\u00fablica de Guinea<\/p>\n\n\n\n<p>Santa Luc\u00eda<\/p>\n\n\n\n<p>Sierra Leona<\/p>\n\n\n\n<p>Reino Unido<\/p>\n\n\n\n<p>Vietnam<\/p>\n<\/div>\n<\/div>\n\n<p><\/p>\n","protected":false},"excerpt":{"rendered":"<p>El NDC Partnership elabor\u00f3 el Navegador NDC 3.0 en colaboraci\u00f3n con el secretariado de la CMNUCC y con aportaciones t\u00e9cnicas del PNUD, el WRI y Ricardo. La estructura del Navegador, as\u00ed como las estrategias, los estudios de casos y las orientaciones que contiene, se elaboraron mediante encuestas, entrevistas y compromisos con las partes interesadas de [&hellip;]<\/p>\n","protected":false},"author":1,"featured_media":0,"parent":0,"menu_order":7,"comment_status":"closed","ping_status":"closed","template":"","meta":{"_acf_changed":false,"inline_featured_image":false,"footnotes":""},"class_list":["post-1697","page","type-page","status-publish","hentry"],"acf":[],"yoast_head":"<!-- This site is optimized with the Yoast SEO plugin v26.9 - https:\/\/yoast.com\/product\/yoast-seo-wordpress\/ -->\n<title>Socios - Navegador NDC 3.0<\/title>\n<meta name=\"robots\" content=\"index, follow, max-snippet:-1, max-image-preview:large, max-video-preview:-1\" \/>\n<link rel=\"canonical\" href=\"https:\/\/ndcnavigator.org\/es\/socios\/\" \/>\n<meta property=\"og:locale\" content=\"es_ES\" \/>\n<meta property=\"og:type\" content=\"article\" \/>\n<meta property=\"og:title\" content=\"Socios - Navegador NDC 3.0\" \/>\n<meta property=\"og:description\" content=\"El NDC Partnership elabor\u00f3 el Navegador NDC 3.0 en colaboraci\u00f3n con el secretariado de la CMNUCC y con aportaciones t\u00e9cnicas del PNUD, el WRI y Ricardo. La estructura del Navegador, as\u00ed como las estrategias, los estudios de casos y las orientaciones que contiene, se elaboraron mediante encuestas, entrevistas y compromisos con las partes interesadas de [&hellip;]\" \/>\n<meta property=\"og:url\" content=\"https:\/\/ndcnavigator.org\/es\/socios\/\" \/>\n<meta property=\"og:site_name\" content=\"Navegador NDC 3.0\" \/>\n<meta property=\"article:publisher\" content=\"https:\/\/www.facebook.com\/ndcpartnership\/\" \/>\n<meta property=\"article:modified_time\" content=\"2025-06-18T15:28:12+00:00\" \/>\n<meta name=\"twitter:card\" content=\"summary_large_image\" \/>\n<meta name=\"twitter:site\" content=\"@ndcpartnership\" \/>\n<meta name=\"twitter:label1\" content=\"Est. reading time\" \/>\n\t<meta name=\"twitter:data1\" content=\"2 minutes\" \/>\n<script type=\"application\/ld+json\" class=\"yoast-schema-graph\">{\"@context\":\"https:\/\/schema.org\",\"@graph\":[{\"@type\":\"WebPage\",\"@id\":\"https:\/\/ndcnavigator.org\/es\/socios\/\",\"url\":\"https:\/\/ndcnavigator.org\/es\/socios\/\",\"name\":\"Socios - Navegador NDC 3.0\",\"isPartOf\":{\"@id\":\"https:\/\/ndcnavigator.org\/es\/#website\"},\"datePublished\":\"2024-05-29T11:28:59+00:00\",\"dateModified\":\"2025-06-18T15:28:12+00:00\",\"breadcrumb\":{\"@id\":\"https:\/\/ndcnavigator.org\/es\/socios\/#breadcrumb\"},\"inLanguage\":\"es-ES\",\"potentialAction\":[{\"@type\":\"ReadAction\",\"target\":[\"https:\/\/ndcnavigator.org\/es\/socios\/\"]}]},{\"@type\":\"BreadcrumbList\",\"@id\":\"https:\/\/ndcnavigator.org\/es\/socios\/#breadcrumb\",\"itemListElement\":[{\"@type\":\"ListItem\",\"position\":1,\"name\":\"Inicio\",\"item\":\"https:\/\/ndcnavigator.org\/es\/\"},{\"@type\":\"ListItem\",\"position\":2,\"name\":\"Socios\"}]},{\"@type\":\"WebSite\",\"@id\":\"https:\/\/ndcnavigator.org\/es\/#website\",\"url\":\"https:\/\/ndcnavigator.org\/es\/\",\"name\":\"NDC 3.0 Navigator\",\"description\":\"\",\"publisher\":{\"@id\":\"https:\/\/ndcnavigator.org\/es\/#organization\"},\"potentialAction\":[{\"@type\":\"SearchAction\",\"target\":{\"@type\":\"EntryPoint\",\"urlTemplate\":\"https:\/\/ndcnavigator.org\/es\/?s={search_term_string}\"},\"query-input\":{\"@type\":\"PropertyValueSpecification\",\"valueRequired\":true,\"valueName\":\"search_term_string\"}}],\"inLanguage\":\"es-ES\"},{\"@type\":\"Organization\",\"@id\":\"https:\/\/ndcnavigator.org\/es\/#organization\",\"name\":\"NDC Partnership\",\"url\":\"https:\/\/ndcnavigator.org\/es\/\",\"logo\":{\"@type\":\"ImageObject\",\"inLanguage\":\"es-ES\",\"@id\":\"https:\/\/ndcnavigator.org\/es\/#\/schema\/logo\/image\/\",\"url\":\"https:\/\/ndcnavigator.org\/wp-content\/uploads\/2024\/05\/logo-ndcp.png\",\"contentUrl\":\"https:\/\/ndcnavigator.org\/wp-content\/uploads\/2024\/05\/logo-ndcp.png\",\"width\":460,\"height\":260,\"caption\":\"NDC Partnership\"},\"image\":{\"@id\":\"https:\/\/ndcnavigator.org\/es\/#\/schema\/logo\/image\/\"},\"sameAs\":[\"https:\/\/www.facebook.com\/ndcpartnership\/\",\"https:\/\/x.com\/ndcpartnership\",\"https:\/\/www.linkedin.com\/company\/ndcpartnership\/\",\"https:\/\/www.youtube.com\/channel\/UCI9wdmuD1OsgqipKpTUGSsg\",\"https:\/\/www.instagram.com\/ndcpartnership\/\",\"https:\/\/issuu.com\/ndcpartnership\"]}]}<\/script>\n<!-- \/ Yoast SEO plugin. -->","yoast_head_json":{"title":"Socios - Navegador NDC 3.0","robots":{"index":"index","follow":"follow","max-snippet":"max-snippet:-1","max-image-preview":"max-image-preview:large","max-video-preview":"max-video-preview:-1"},"canonical":"https:\/\/ndcnavigator.org\/es\/socios\/","og_locale":"es_ES","og_type":"article","og_title":"Socios - Navegador NDC 3.0","og_description":"El NDC Partnership elabor\u00f3 el Navegador NDC 3.0 en colaboraci\u00f3n con el secretariado de la CMNUCC y con aportaciones t\u00e9cnicas del PNUD, el WRI y Ricardo. La estructura del Navegador, as\u00ed como las estrategias, los estudios de casos y las orientaciones que contiene, se elaboraron mediante encuestas, entrevistas y compromisos con las partes interesadas de [&hellip;]","og_url":"https:\/\/ndcnavigator.org\/es\/socios\/","og_site_name":"Navegador NDC 3.0","article_publisher":"https:\/\/www.facebook.com\/ndcpartnership\/","article_modified_time":"2025-06-18T15:28:12+00:00","twitter_card":"summary_large_image","twitter_site":"@ndcpartnership","twitter_misc":{"Est. reading time":"2 minutes"},"schema":{"@context":"https:\/\/schema.org","@graph":[{"@type":"WebPage","@id":"https:\/\/ndcnavigator.org\/es\/socios\/","url":"https:\/\/ndcnavigator.org\/es\/socios\/","name":"Socios - Navegador NDC 3.0","isPartOf":{"@id":"https:\/\/ndcnavigator.org\/es\/#website"},"datePublished":"2024-05-29T11:28:59+00:00","dateModified":"2025-06-18T15:28:12+00:00","breadcrumb":{"@id":"https:\/\/ndcnavigator.org\/es\/socios\/#breadcrumb"},"inLanguage":"es-ES","potentialAction":[{"@type":"ReadAction","target":["https:\/\/ndcnavigator.org\/es\/socios\/"]}]},{"@type":"BreadcrumbList","@id":"https:\/\/ndcnavigator.org\/es\/socios\/#breadcrumb","itemListElement":[{"@type":"ListItem","position":1,"name":"Inicio","item":"https:\/\/ndcnavigator.org\/es\/"},{"@type":"ListItem","position":2,"name":"Socios"}]},{"@type":"WebSite","@id":"https:\/\/ndcnavigator.org\/es\/#website","url":"https:\/\/ndcnavigator.org\/es\/","name":"NDC 3.0 Navigator","description":"","publisher":{"@id":"https:\/\/ndcnavigator.org\/es\/#organization"},"potentialAction":[{"@type":"SearchAction","target":{"@type":"EntryPoint","urlTemplate":"https:\/\/ndcnavigator.org\/es\/?s={search_term_string}"},"query-input":{"@type":"PropertyValueSpecification","valueRequired":true,"valueName":"search_term_string"}}],"inLanguage":"es-ES"},{"@type":"Organization","@id":"https:\/\/ndcnavigator.org\/es\/#organization","name":"NDC Partnership","url":"https:\/\/ndcnavigator.org\/es\/","logo":{"@type":"ImageObject","inLanguage":"es-ES","@id":"https:\/\/ndcnavigator.org\/es\/#\/schema\/logo\/image\/","url":"https:\/\/ndcnavigator.org\/wp-content\/uploads\/2024\/05\/logo-ndcp.png","contentUrl":"https:\/\/ndcnavigator.org\/wp-content\/uploads\/2024\/05\/logo-ndcp.png","width":460,"height":260,"caption":"NDC Partnership"},"image":{"@id":"https:\/\/ndcnavigator.org\/es\/#\/schema\/logo\/image\/"},"sameAs":["https:\/\/www.facebook.com\/ndcpartnership\/","https:\/\/x.com\/ndcpartnership","https:\/\/www.linkedin.com\/company\/ndcpartnership\/","https:\/\/www.youtube.com\/channel\/UCI9wdmuD1OsgqipKpTUGSsg","https:\/\/www.instagram.com\/ndcpartnership\/","https:\/\/issuu.com\/ndcpartnership"]}]}},"_links":{"self":[{"href":"https:\/\/ndcnavigator.org\/es\/wp-json\/wp\/v2\/pages\/1697","targetHints":{"allow":["GET"]}}],"collection":[{"href":"https:\/\/ndcnavigator.org\/es\/wp-json\/wp\/v2\/pages"}],"about":[{"href":"https:\/\/ndcnavigator.org\/es\/wp-json\/wp\/v2\/types\/page"}],"author":[{"embeddable":true,"href":"https:\/\/ndcnavigator.org\/es\/wp-json\/wp\/v2\/users\/1"}],"replies":[{"embeddable":true,"href":"https:\/\/ndcnavigator.org\/es\/wp-json\/wp\/v2\/comments?post=1697"}],"version-history":[{"count":4,"href":"https:\/\/ndcnavigator.org\/es\/wp-json\/wp\/v2\/pages\/1697\/revisions"}],"predecessor-version":[{"id":2855,"href":"https:\/\/ndcnavigator.org\/es\/wp-json\/wp\/v2\/pages\/1697\/revisions\/2855"}],"wp:attachment":[{"href":"https:\/\/ndcnavigator.org\/es\/wp-json\/wp\/v2\/media?parent=1697"}],"curies":[{"name":"wp","href":"https:\/\/api.w.org\/{rel}","templated":true}]}}