{"id":1700,"date":"2024-05-29T11:33:37","date_gmt":"2024-05-29T11:33:37","guid":{"rendered":"https:\/\/ndcnavigator.org\/compartir-recursos-adicionales\/"},"modified":"2025-05-18T21:36:19","modified_gmt":"2025-05-18T21:36:19","slug":"compartir-recursos-adicionales","status":"publish","type":"page","link":"https:\/\/ndcnavigator.org\/es\/compartir-recursos-adicionales\/","title":{"rendered":"Compartir recursos adicionales"},"content":{"rendered":"\n<div class=\"wp-block-group alignwide has-global-padding is-content-justification-left is-layout-constrained wp-container-core-group-is-layout-12dd3699 wp-block-group-is-layout-constrained\">\n<p class=\"is-style-prefix-bold has-large-font-size\">La p\u00e1gina Navegador NDC 3.0 proporciona acceso a recursos creados por expertos y a estrategias recomendadas, comisariadas para que los pa\u00edses las utilicen en la redacci\u00f3n de sus NDC 3.0. Si tienes nuevos recursos que compartir o sugerencias de casos pr\u00e1cticos, comp\u00e1rtelos con nosotros para que los tengamos en cuenta utilizando el formulario que aparece a continuaci\u00f3n. <\/p>\n\n\n\n<div class=\"wp-block-buttons is-layout-flex wp-block-buttons-is-layout-flex\">\n<div class=\"wp-block-button c-icon\"><a class=\"wp-block-button__link wp-element-button\" href=\"https:\/\/forms.monday.com\/forms\/4c56653e12ad497988fd048064b5e1a4?r=use1\" target=\"_blank\" rel=\"noreferrer noopener\">Ver formulario<\/a><\/div>\n<\/div>\n<\/div>\n","protected":false},"excerpt":{"rendered":"<p>La p\u00e1gina Navegador NDC 3.0 proporciona acceso a recursos creados por expertos y a estrategias recomendadas, comisariadas para que los pa\u00edses las utilicen en la redacci\u00f3n de sus NDC 3.0. Si tienes nuevos recursos que compartir o sugerencias de casos pr\u00e1cticos, comp\u00e1rtelos con nosotros para que los tengamos en cuenta utilizando el formulario que aparece [&hellip;]<\/p>\n","protected":false},"author":1,"featured_media":0,"parent":0,"menu_order":6,"comment_status":"closed","ping_status":"closed","template":"","meta":{"_acf_changed":false,"inline_featured_image":false,"footnotes":""},"class_list":["post-1700","page","type-page","status-publish","hentry"],"acf":[],"yoast_head":"<!-- This site is optimized with the Yoast SEO plugin v26.9 - https:\/\/yoast.com\/product\/yoast-seo-wordpress\/ -->\n<title>Compartir recursos adicionales - Navegador NDC 3.0<\/title>\n<meta name=\"robots\" content=\"index, follow, max-snippet:-1, max-image-preview:large, max-video-preview:-1\" \/>\n<link rel=\"canonical\" href=\"https:\/\/ndcnavigator.org\/es\/compartir-recursos-adicionales\/\" \/>\n<meta property=\"og:locale\" content=\"es_ES\" \/>\n<meta property=\"og:type\" content=\"article\" \/>\n<meta property=\"og:title\" content=\"Compartir recursos adicionales - Navegador NDC 3.0\" \/>\n<meta property=\"og:description\" content=\"La p\u00e1gina Navegador NDC 3.0 proporciona acceso a recursos creados por expertos y a estrategias recomendadas, comisariadas para que los pa\u00edses las utilicen en la redacci\u00f3n de sus NDC 3.0. Si tienes nuevos recursos que compartir o sugerencias de casos pr\u00e1cticos, comp\u00e1rtelos con nosotros para que los tengamos en cuenta utilizando el formulario que aparece [&hellip;]\" \/>\n<meta property=\"og:url\" content=\"https:\/\/ndcnavigator.org\/es\/compartir-recursos-adicionales\/\" \/>\n<meta property=\"og:site_name\" content=\"Navegador NDC 3.0\" \/>\n<meta property=\"article:publisher\" content=\"https:\/\/www.facebook.com\/ndcpartnership\/\" \/>\n<meta property=\"article:modified_time\" content=\"2025-05-18T21:36:19+00:00\" \/>\n<meta name=\"twitter:card\" content=\"summary_large_image\" \/>\n<meta name=\"twitter:site\" content=\"@ndcpartnership\" \/>\n<script type=\"application\/ld+json\" class=\"yoast-schema-graph\">{\"@context\":\"https:\/\/schema.org\",\"@graph\":[{\"@type\":\"WebPage\",\"@id\":\"https:\/\/ndcnavigator.org\/es\/compartir-recursos-adicionales\/\",\"url\":\"https:\/\/ndcnavigator.org\/es\/compartir-recursos-adicionales\/\",\"name\":\"Compartir recursos adicionales - Navegador NDC 3.0\",\"isPartOf\":{\"@id\":\"https:\/\/ndcnavigator.org\/es\/#website\"},\"datePublished\":\"2024-05-29T11:33:37+00:00\",\"dateModified\":\"2025-05-18T21:36:19+00:00\",\"breadcrumb\":{\"@id\":\"https:\/\/ndcnavigator.org\/es\/compartir-recursos-adicionales\/#breadcrumb\"},\"inLanguage\":\"es-ES\",\"potentialAction\":[{\"@type\":\"ReadAction\",\"target\":[\"https:\/\/ndcnavigator.org\/es\/compartir-recursos-adicionales\/\"]}]},{\"@type\":\"BreadcrumbList\",\"@id\":\"https:\/\/ndcnavigator.org\/es\/compartir-recursos-adicionales\/#breadcrumb\",\"itemListElement\":[{\"@type\":\"ListItem\",\"position\":1,\"name\":\"Inicio\",\"item\":\"https:\/\/ndcnavigator.org\/es\/\"},{\"@type\":\"ListItem\",\"position\":2,\"name\":\"Compartir recursos adicionales\"}]},{\"@type\":\"WebSite\",\"@id\":\"https:\/\/ndcnavigator.org\/es\/#website\",\"url\":\"https:\/\/ndcnavigator.org\/es\/\",\"name\":\"NDC 3.0 Navigator\",\"description\":\"\",\"publisher\":{\"@id\":\"https:\/\/ndcnavigator.org\/es\/#organization\"},\"potentialAction\":[{\"@type\":\"SearchAction\",\"target\":{\"@type\":\"EntryPoint\",\"urlTemplate\":\"https:\/\/ndcnavigator.org\/es\/?s={search_term_string}\"},\"query-input\":{\"@type\":\"PropertyValueSpecification\",\"valueRequired\":true,\"valueName\":\"search_term_string\"}}],\"inLanguage\":\"es-ES\"},{\"@type\":\"Organization\",\"@id\":\"https:\/\/ndcnavigator.org\/es\/#organization\",\"name\":\"NDC Partnership\",\"url\":\"https:\/\/ndcnavigator.org\/es\/\",\"logo\":{\"@type\":\"ImageObject\",\"inLanguage\":\"es-ES\",\"@id\":\"https:\/\/ndcnavigator.org\/es\/#\/schema\/logo\/image\/\",\"url\":\"https:\/\/ndcnavigator.org\/wp-content\/uploads\/2024\/05\/logo-ndcp.png\",\"contentUrl\":\"https:\/\/ndcnavigator.org\/wp-content\/uploads\/2024\/05\/logo-ndcp.png\",\"width\":460,\"height\":260,\"caption\":\"NDC Partnership\"},\"image\":{\"@id\":\"https:\/\/ndcnavigator.org\/es\/#\/schema\/logo\/image\/\"},\"sameAs\":[\"https:\/\/www.facebook.com\/ndcpartnership\/\",\"https:\/\/x.com\/ndcpartnership\",\"https:\/\/www.linkedin.com\/company\/ndcpartnership\/\",\"https:\/\/www.youtube.com\/channel\/UCI9wdmuD1OsgqipKpTUGSsg\",\"https:\/\/www.instagram.com\/ndcpartnership\/\",\"https:\/\/issuu.com\/ndcpartnership\"]}]}<\/script>\n<!-- \/ Yoast SEO plugin. -->","yoast_head_json":{"title":"Compartir recursos adicionales - Navegador NDC 3.0","robots":{"index":"index","follow":"follow","max-snippet":"max-snippet:-1","max-image-preview":"max-image-preview:large","max-video-preview":"max-video-preview:-1"},"canonical":"https:\/\/ndcnavigator.org\/es\/compartir-recursos-adicionales\/","og_locale":"es_ES","og_type":"article","og_title":"Compartir recursos adicionales - Navegador NDC 3.0","og_description":"La p\u00e1gina Navegador NDC 3.0 proporciona acceso a recursos creados por expertos y a estrategias recomendadas, comisariadas para que los pa\u00edses las utilicen en la redacci\u00f3n de sus NDC 3.0. Si tienes nuevos recursos que compartir o sugerencias de casos pr\u00e1cticos, comp\u00e1rtelos con nosotros para que los tengamos en cuenta utilizando el formulario que aparece [&hellip;]","og_url":"https:\/\/ndcnavigator.org\/es\/compartir-recursos-adicionales\/","og_site_name":"Navegador NDC 3.0","article_publisher":"https:\/\/www.facebook.com\/ndcpartnership\/","article_modified_time":"2025-05-18T21:36:19+00:00","twitter_card":"summary_large_image","twitter_site":"@ndcpartnership","schema":{"@context":"https:\/\/schema.org","@graph":[{"@type":"WebPage","@id":"https:\/\/ndcnavigator.org\/es\/compartir-recursos-adicionales\/","url":"https:\/\/ndcnavigator.org\/es\/compartir-recursos-adicionales\/","name":"Compartir recursos adicionales - Navegador NDC 3.0","isPartOf":{"@id":"https:\/\/ndcnavigator.org\/es\/#website"},"datePublished":"2024-05-29T11:33:37+00:00","dateModified":"2025-05-18T21:36:19+00:00","breadcrumb":{"@id":"https:\/\/ndcnavigator.org\/es\/compartir-recursos-adicionales\/#breadcrumb"},"inLanguage":"es-ES","potentialAction":[{"@type":"ReadAction","target":["https:\/\/ndcnavigator.org\/es\/compartir-recursos-adicionales\/"]}]},{"@type":"BreadcrumbList","@id":"https:\/\/ndcnavigator.org\/es\/compartir-recursos-adicionales\/#breadcrumb","itemListElement":[{"@type":"ListItem","position":1,"name":"Inicio","item":"https:\/\/ndcnavigator.org\/es\/"},{"@type":"ListItem","position":2,"name":"Compartir recursos adicionales"}]},{"@type":"WebSite","@id":"https:\/\/ndcnavigator.org\/es\/#website","url":"https:\/\/ndcnavigator.org\/es\/","name":"NDC 3.0 Navigator","description":"","publisher":{"@id":"https:\/\/ndcnavigator.org\/es\/#organization"},"potentialAction":[{"@type":"SearchAction","target":{"@type":"EntryPoint","urlTemplate":"https:\/\/ndcnavigator.org\/es\/?s={search_term_string}"},"query-input":{"@type":"PropertyValueSpecification","valueRequired":true,"valueName":"search_term_string"}}],"inLanguage":"es-ES"},{"@type":"Organization","@id":"https:\/\/ndcnavigator.org\/es\/#organization","name":"NDC Partnership","url":"https:\/\/ndcnavigator.org\/es\/","logo":{"@type":"ImageObject","inLanguage":"es-ES","@id":"https:\/\/ndcnavigator.org\/es\/#\/schema\/logo\/image\/","url":"https:\/\/ndcnavigator.org\/wp-content\/uploads\/2024\/05\/logo-ndcp.png","contentUrl":"https:\/\/ndcnavigator.org\/wp-content\/uploads\/2024\/05\/logo-ndcp.png","width":460,"height":260,"caption":"NDC Partnership"},"image":{"@id":"https:\/\/ndcnavigator.org\/es\/#\/schema\/logo\/image\/"},"sameAs":["https:\/\/www.facebook.com\/ndcpartnership\/","https:\/\/x.com\/ndcpartnership","https:\/\/www.linkedin.com\/company\/ndcpartnership\/","https:\/\/www.youtube.com\/channel\/UCI9wdmuD1OsgqipKpTUGSsg","https:\/\/www.instagram.com\/ndcpartnership\/","https:\/\/issuu.com\/ndcpartnership"]}]}},"_links":{"self":[{"href":"https:\/\/ndcnavigator.org\/es\/wp-json\/wp\/v2\/pages\/1700","targetHints":{"allow":["GET"]}}],"collection":[{"href":"https:\/\/ndcnavigator.org\/es\/wp-json\/wp\/v2\/pages"}],"about":[{"href":"https:\/\/ndcnavigator.org\/es\/wp-json\/wp\/v2\/types\/page"}],"author":[{"embeddable":true,"href":"https:\/\/ndcnavigator.org\/es\/wp-json\/wp\/v2\/users\/1"}],"replies":[{"embeddable":true,"href":"https:\/\/ndcnavigator.org\/es\/wp-json\/wp\/v2\/comments?post=1700"}],"version-history":[{"count":5,"href":"https:\/\/ndcnavigator.org\/es\/wp-json\/wp\/v2\/pages\/1700\/revisions"}],"predecessor-version":[{"id":2822,"href":"https:\/\/ndcnavigator.org\/es\/wp-json\/wp\/v2\/pages\/1700\/revisions\/2822"}],"wp:attachment":[{"href":"https:\/\/ndcnavigator.org\/es\/wp-json\/wp\/v2\/media?parent=1700"}],"curies":[{"name":"wp","href":"https:\/\/api.w.org\/{rel}","templated":true}]}}