{"id":1703,"date":"2024-05-20T14:58:36","date_gmt":"2024-05-20T14:58:36","guid":{"rendered":"https:\/\/ndcnavigator.org\/mapa-del-sitio\/"},"modified":"2024-08-14T08:26:25","modified_gmt":"2024-08-14T08:26:25","slug":"mapa-del-sitio","status":"publish","type":"page","link":"https:\/\/ndcnavigator.org\/es\/mapa-del-sitio\/","title":{"rendered":"Mapa del sitio"},"content":{"rendered":"<ul class=\"wp-block-page-list\"><li class=\"wp-block-pages-list__item menu-item-home\"><a class=\"wp-block-pages-list__item__link\" href=\"https:\/\/ndcnavigator.org\/es\/\">Navegador NDC 3.0<\/a><\/li><li class=\"wp-block-pages-list__item\"><a class=\"wp-block-pages-list__item__link\" href=\"https:\/\/ndcnavigator.org\/es\/conozca-el-navegador-ndc-3-0\/\">Conozca el Navegador NDC 3.0<\/a><\/li><li class=\"wp-block-pages-list__item\"><a class=\"wp-block-pages-list__item__link\" href=\"https:\/\/ndcnavigator.org\/es\/reflexionar-sobre-las-necesidades-y-prioridades-de-los-paises\/\">Reflexionar sobre las necesidades y prioridades de los pa\u00edses<\/a><\/li><li class=\"wp-block-pages-list__item has-child\"><a class=\"wp-block-pages-list__item__link\" href=\"https:\/\/ndcnavigator.org\/es\/explorar-rutas-hacia-ndc-ambiciosas-e-implementables\/\">Explorar rutas hacia NDC ambiciosas e implementables<\/a><ul class=\"wp-block-navigation__submenu-container\"><li class=\"wp-block-pages-list__item has-child \"><a class=\"wp-block-pages-list__item__link\" href=\"https:\/\/ndcnavigator.org\/es\/explorar-rutas-hacia-ndc-ambiciosas-e-implementables\/alineamiento-con-el-objetivo-de-temperatura-del-acuerdo-de-paris\/\">Alineamiento con el objetivo de temperatura del Acuerdo de Par\u00eds<\/a><ul class=\"wp-block-navigation__submenu-container\"><li class=\"wp-block-pages-list__item \"><a class=\"wp-block-pages-list__item__link\" href=\"https:\/\/ndcnavigator.org\/es\/explorar-rutas-hacia-ndc-ambiciosas-e-implementables\/alineamiento-con-el-objetivo-de-temperatura-del-acuerdo-de-paris\/establecimiento-de-objetivos-incluidos-los-objetivos-de-las-ndc-para-toda-la-economia\/\">Establecimiento de objetivos, incluidos los objetivos de las NDC para toda la econom\u00eda<\/a><\/li><li class=\"wp-block-pages-list__item \"><a class=\"wp-block-pages-list__item__link\" href=\"https:\/\/ndcnavigator.org\/es\/explorar-rutas-hacia-ndc-ambiciosas-e-implementables\/alineamiento-con-el-objetivo-de-temperatura-del-acuerdo-de-paris\/desagregar-los-objetivos-a-nivel-sectorial-y-gubernamental\/\">Desagregar los objetivos a nivel sectorial y gubernamental<\/a><\/li><li class=\"wp-block-pages-list__item \"><a class=\"wp-block-pages-list__item__link\" href=\"https:\/\/ndcnavigator.org\/es\/explorar-rutas-hacia-ndc-ambiciosas-e-implementables\/alineamiento-con-el-objetivo-de-temperatura-del-acuerdo-de-paris\/alinear-las-ndc-con-las-estrategias-a-largo-plazo-para-un-desarrollo-con-bajas-emisiones-de-gases-de-efecto-invernadero-y-cero-emisiones-netas\/\">Alinear las NDC con las estrategias a largo plazo para un desarrollo con bajas emisiones de gases de efecto invernadero y cero emisiones netas<\/a><\/li><li class=\"wp-block-pages-list__item \"><a class=\"wp-block-pages-list__item__link\" href=\"https:\/\/ndcnavigator.org\/es\/explorar-rutas-hacia-ndc-ambiciosas-e-implementables\/alineamiento-con-el-objetivo-de-temperatura-del-acuerdo-de-paris\/garantizar-que-la-ndc-este-basada-en-la-ciencia\/\">Garantizar que la NDC este basada en la ciencia<\/a><\/li><li class=\"wp-block-pages-list__item \"><a class=\"wp-block-pages-list__item__link\" href=\"https:\/\/ndcnavigator.org\/es\/explorar-rutas-hacia-ndc-ambiciosas-e-implementables\/alineamiento-con-el-objetivo-de-temperatura-del-acuerdo-de-paris\/reflejar-las-actividades-politicas-y-medidas\/\">Reflejar las actividades, pol\u00edticas y medidas<\/a><\/li><li class=\"wp-block-pages-list__item \"><a class=\"wp-block-pages-list__item__link\" href=\"https:\/\/ndcnavigator.org\/es\/explorar-rutas-hacia-ndc-ambiciosas-e-implementables\/alineamiento-con-el-objetivo-de-temperatura-del-acuerdo-de-paris\/explorar-las-oportunidades-sectoriales\/\">Explorar las oportunidades sectoriales<\/a><\/li><\/ul><\/li><li class=\"wp-block-pages-list__item has-child \"><a class=\"wp-block-pages-list__item__link\" href=\"https:\/\/ndcnavigator.org\/es\/explorar-rutas-hacia-ndc-ambiciosas-e-implementables\/alineamiento-con-el-objetivo-global-de-adaptacion-del-acuerdo-de-paris\/\">Alineamiento con el objetivo global de adaptaci\u00f3n del Acuerdo de Par\u00eds<\/a><ul class=\"wp-block-navigation__submenu-container\"><li class=\"wp-block-pages-list__item \"><a class=\"wp-block-pages-list__item__link\" href=\"https:\/\/ndcnavigator.org\/es\/explorar-rutas-hacia-ndc-ambiciosas-e-implementables\/alineamiento-con-el-objetivo-global-de-adaptacion-del-acuerdo-de-paris\/establecer-y-lograr-los-objetivos-y-metas-trazadas\/\">Establecer y lograr los objetivos y metas trazadas<\/a><\/li><li class=\"wp-block-pages-list__item \"><a class=\"wp-block-pages-list__item__link\" href=\"https:\/\/ndcnavigator.org\/es\/explorar-rutas-hacia-ndc-ambiciosas-e-implementables\/alineamiento-con-el-objetivo-global-de-adaptacion-del-acuerdo-de-paris\/mejorar-las-interrelaciones-entre-las-ndc-y-los-nap\/\">Mejorar las interrelaciones entre las NDC y los NAP<\/a><\/li><li class=\"wp-block-pages-list__item \"><a class=\"wp-block-pages-list__item__link\" href=\"https:\/\/ndcnavigator.org\/es\/explorar-rutas-hacia-ndc-ambiciosas-e-implementables\/alineamiento-con-el-objetivo-global-de-adaptacion-del-acuerdo-de-paris\/mejorar-la-disponibilidad-de-datos-para-una-toma-de-decisiones-informada\/\">Mejorar la disponibilidad de datos para una toma de decisiones informada<\/a><\/li><li class=\"wp-block-pages-list__item \"><a class=\"wp-block-pages-list__item__link\" href=\"https:\/\/ndcnavigator.org\/es\/explorar-rutas-hacia-ndc-ambiciosas-e-implementables\/alineamiento-con-el-objetivo-global-de-adaptacion-del-acuerdo-de-paris\/integrar-las-perdidas-y-danos\/\">Integrar las p\u00e9rdidas y da\u00f1os<\/a><\/li><li class=\"wp-block-pages-list__item \"><a class=\"wp-block-pages-list__item__link\" href=\"https:\/\/ndcnavigator.org\/es\/explorar-rutas-hacia-ndc-ambiciosas-e-implementables\/alineamiento-con-el-objetivo-global-de-adaptacion-del-acuerdo-de-paris\/incorporar-a-toda-la-sociedad-en-la-planificacion-de-la-adaptacion\/\">Incorporar a toda la sociedad en la planificaci\u00f3n de la adaptaci\u00f3n<\/a><\/li><li class=\"wp-block-pages-list__item \"><a class=\"wp-block-pages-list__item__link\" href=\"https:\/\/ndcnavigator.org\/es\/explorar-rutas-hacia-ndc-ambiciosas-e-implementables\/alineamiento-con-el-objetivo-global-de-adaptacion-del-acuerdo-de-paris\/ampliar-el-nexo-entre-mitigacion-y-adaptacion\/\">Ampliar el nexo entre mitigaci\u00f3n y adaptaci\u00f3n<\/a><\/li><li class=\"wp-block-pages-list__item \"><a class=\"wp-block-pages-list__item__link\" href=\"https:\/\/ndcnavigator.org\/es\/explorar-rutas-hacia-ndc-ambiciosas-e-implementables\/alineamiento-con-el-objetivo-global-de-adaptacion-del-acuerdo-de-paris\/mejorar-las-soluciones-basadas-en-la-naturaleza\/\">Mejorar las soluciones basadas en la naturaleza<\/a><\/li><\/ul><\/li><li class=\"wp-block-pages-list__item has-child \"><a class=\"wp-block-pages-list__item__link\" href=\"https:\/\/ndcnavigator.org\/es\/explorar-rutas-hacia-ndc-ambiciosas-e-implementables\/lograr-una-transicion-justa-y-equitativa\/\">Lograr una transici\u00f3n justa y equitativa<\/a><ul class=\"wp-block-navigation__submenu-container\"><li class=\"wp-block-pages-list__item \"><a class=\"wp-block-pages-list__item__link\" href=\"https:\/\/ndcnavigator.org\/es\/explorar-rutas-hacia-ndc-ambiciosas-e-implementables\/lograr-una-transicion-justa-y-equitativa\/facilitadores-transversales-y-enfoques-colaborativos\/\">Facilitadores transversales y enfoques colaborativos<\/a><\/li><li class=\"wp-block-pages-list__item \"><a class=\"wp-block-pages-list__item__link\" href=\"https:\/\/ndcnavigator.org\/es\/explorar-rutas-hacia-ndc-ambiciosas-e-implementables\/lograr-una-transicion-justa-y-equitativa\/comprender-los-impactos-y-los-beneficios-para-la-sociedad\/\">Comprender los impactos y los beneficios para la sociedad<\/a><\/li><li class=\"wp-block-pages-list__item \"><a class=\"wp-block-pages-list__item__link\" href=\"https:\/\/ndcnavigator.org\/es\/explorar-rutas-hacia-ndc-ambiciosas-e-implementables\/lograr-una-transicion-justa-y-equitativa\/garantizar-empoderamiento-y-accion-para-todos\/\">Garantizar empoderamiento y acci\u00f3n para todos<\/a><\/li><li class=\"wp-block-pages-list__item \"><a class=\"wp-block-pages-list__item__link\" href=\"https:\/\/ndcnavigator.org\/es\/explorar-rutas-hacia-ndc-ambiciosas-e-implementables\/lograr-una-transicion-justa-y-equitativa\/marcos-para-procesos-de-transicion-justa\/\">Marcos para procesos de transici\u00f3n Justa<\/a><\/li><\/ul><\/li><li class=\"wp-block-pages-list__item has-child \"><a class=\"wp-block-pages-list__item__link\" href=\"https:\/\/ndcnavigator.org\/es\/explorar-rutas-hacia-ndc-ambiciosas-e-implementables\/movilizar-a-todo-el-gobierno-y-a-toda-la-sociedad\/\">Movilizar a todo el gobierno y a toda la sociedad<\/a><ul class=\"wp-block-navigation__submenu-container\"><li class=\"wp-block-pages-list__item \"><a class=\"wp-block-pages-list__item__link\" href=\"https:\/\/ndcnavigator.org\/es\/explorar-rutas-hacia-ndc-ambiciosas-e-implementables\/movilizar-a-todo-el-gobierno-y-a-toda-la-sociedad\/garantizar-una-coordinacion-eficaz-entre-todo-el-gobierno\/\">Garantizar una coordinaci\u00f3n eficaz entre todo el gobierno<\/a><\/li><li class=\"wp-block-pages-list__item \"><a class=\"wp-block-pages-list__item__link\" href=\"https:\/\/ndcnavigator.org\/es\/explorar-rutas-hacia-ndc-ambiciosas-e-implementables\/movilizar-a-todo-el-gobierno-y-a-toda-la-sociedad\/integrar-la-ndc-en-los-procesos-de-planificacion-nacional\/\">Integrar la NDC en los procesos de planificaci\u00f3n nacional<\/a><\/li><li class=\"wp-block-pages-list__item \"><a class=\"wp-block-pages-list__item__link\" href=\"https:\/\/ndcnavigator.org\/es\/explorar-rutas-hacia-ndc-ambiciosas-e-implementables\/movilizar-a-todo-el-gobierno-y-a-toda-la-sociedad\/involucrar-a-los-gobiernos-locales-y-regionales\/\">Involucrar a los gobiernos locales y regionales<\/a><\/li><li class=\"wp-block-pages-list__item \"><a class=\"wp-block-pages-list__item__link\" href=\"https:\/\/ndcnavigator.org\/es\/explorar-rutas-hacia-ndc-ambiciosas-e-implementables\/movilizar-a-todo-el-gobierno-y-a-toda-la-sociedad\/incorporar-todas-las-voces-y-garantizar-una-participacion-inclusiva\/\">Incorporar todas las voces y garantizar una participaci\u00f3n inclusiva<\/a><\/li><li class=\"wp-block-pages-list__item \"><a class=\"wp-block-pages-list__item__link\" href=\"https:\/\/ndcnavigator.org\/es\/explorar-rutas-hacia-ndc-ambiciosas-e-implementables\/movilizar-a-todo-el-gobierno-y-a-toda-la-sociedad\/involucrar-al-sector-privado\/\">Involucrar al sector privado<\/a><\/li><\/ul><\/li><li class=\"wp-block-pages-list__item has-child \"><a class=\"wp-block-pages-list__item__link\" href=\"https:\/\/ndcnavigator.org\/es\/explorar-rutas-hacia-ndc-ambiciosas-e-implementables\/tecnologia-y-creacion-de-capacidades-como-necesidades-y-facilitadores\/\">Tecnolog\u00eda y creaci\u00f3n de capacidades como necesidades y facilitadores<\/a><ul class=\"wp-block-navigation__submenu-container\"><li class=\"wp-block-pages-list__item \"><a class=\"wp-block-pages-list__item__link\" href=\"https:\/\/ndcnavigator.org\/es\/explorar-rutas-hacia-ndc-ambiciosas-e-implementables\/tecnologia-y-creacion-de-capacidades-como-necesidades-y-facilitadores\/mayor-claridad-sobre-las-necesidades-tecnologicas\/\">Mayor claridad sobre las necesidades tecnol\u00f3gicas<\/a><\/li><li class=\"wp-block-pages-list__item \"><a class=\"wp-block-pages-list__item__link\" href=\"https:\/\/ndcnavigator.org\/es\/explorar-rutas-hacia-ndc-ambiciosas-e-implementables\/tecnologia-y-creacion-de-capacidades-como-necesidades-y-facilitadores\/aumentar-la-asimilacion-de-la-tecnologia\/\">Aumentar la asimilaci\u00f3n de la tecnolog\u00eda<\/a><\/li><li class=\"wp-block-pages-list__item \"><a class=\"wp-block-pages-list__item__link\" href=\"https:\/\/ndcnavigator.org\/es\/explorar-rutas-hacia-ndc-ambiciosas-e-implementables\/tecnologia-y-creacion-de-capacidades-como-necesidades-y-facilitadores\/aprovechamiento-de-los-distintos-enfoques-de-la-transferencia-y-la-asimilacion-tecnologica\/\">Aprovechamiento de los distintos enfoques de la transferencia y la asimilaci\u00f3n tecnol\u00f3gica<\/a><\/li><li class=\"wp-block-pages-list__item \"><a class=\"wp-block-pages-list__item__link\" href=\"https:\/\/ndcnavigator.org\/es\/explorar-rutas-hacia-ndc-ambiciosas-e-implementables\/tecnologia-y-creacion-de-capacidades-como-necesidades-y-facilitadores\/identificacion-de-las-necesidades-de-capacitacion-y-de-asistencia-tecnica\/\">Identificaci\u00f3n de las necesidades de capacitaci\u00f3n y de asistencia t\u00e9cnica<\/a><\/li><\/ul><\/li><li class=\"wp-block-pages-list__item has-child \"><a class=\"wp-block-pages-list__item__link\" href=\"https:\/\/ndcnavigator.org\/es\/explorar-rutas-hacia-ndc-ambiciosas-e-implementables\/documentos-tecnicamente-solidos-y-transparentes\/\">Documentos t\u00e9cnicamente s\u00f3lidos y transparentes<\/a><ul class=\"wp-block-navigation__submenu-container\"><li class=\"wp-block-pages-list__item \"><a class=\"wp-block-pages-list__item__link\" href=\"https:\/\/ndcnavigator.org\/es\/explorar-rutas-hacia-ndc-ambiciosas-e-implementables\/documentos-tecnicamente-solidos-y-transparentes\/cuantificacion-de-objetivos-y-acciones\/\">Cuantificaci\u00f3n de objetivos y acciones<\/a><\/li><li class=\"wp-block-pages-list__item \"><a class=\"wp-block-pages-list__item__link\" href=\"https:\/\/ndcnavigator.org\/es\/explorar-rutas-hacia-ndc-ambiciosas-e-implementables\/documentos-tecnicamente-solidos-y-transparentes\/mejora-e-integracion-de-los-datos-en-el-gobierno\/\">Mejora e integraci\u00f3n de los datos en el gobierno<\/a><\/li><li class=\"wp-block-pages-list__item \"><a class=\"wp-block-pages-list__item__link\" href=\"https:\/\/ndcnavigator.org\/es\/explorar-rutas-hacia-ndc-ambiciosas-e-implementables\/documentos-tecnicamente-solidos-y-transparentes\/garantizar-la-replicabilidad-y-la-mejora-continua\/\">Garantizar la replicabilidad y la mejora continua<\/a><\/li><li class=\"wp-block-pages-list__item \"><a class=\"wp-block-pages-list__item__link\" href=\"https:\/\/ndcnavigator.org\/es\/explorar-rutas-hacia-ndc-ambiciosas-e-implementables\/documentos-tecnicamente-solidos-y-transparentes\/alineando-las-ndc-con-los-procesos-de-transparencia\/\">Alineando las NDC con los procesos de transparencia<\/a><\/li><li class=\"wp-block-pages-list__item \"><a class=\"wp-block-pages-list__item__link\" href=\"https:\/\/ndcnavigator.org\/es\/explorar-rutas-hacia-ndc-ambiciosas-e-implementables\/documentos-tecnicamente-solidos-y-transparentes\/integrando-articulo-6\/\">Integrando Art\u00edculo 6<\/a><\/li><li class=\"wp-block-pages-list__item \"><a class=\"wp-block-pages-list__item__link\" href=\"https:\/\/ndcnavigator.org\/es\/explorar-rutas-hacia-ndc-ambiciosas-e-implementables\/documentos-tecnicamente-solidos-y-transparentes\/estableciendo-la-conexion-con-las-comunicaciones-de-adaptacion\/\">Estableciendo la conexi\u00f3n con las comunicaciones de adaptaci\u00f3n<\/a><\/li><\/ul><\/li><li class=\"wp-block-pages-list__item has-child \"><a class=\"wp-block-pages-list__item__link\" href=\"https:\/\/ndcnavigator.org\/es\/explorar-rutas-hacia-ndc-ambiciosas-e-implementables\/desbloquear-el-financiamiento\/\">Desbloquear el financiamiento<\/a><ul class=\"wp-block-navigation__submenu-container\"><li class=\"wp-block-pages-list__item \"><a class=\"wp-block-pages-list__item__link\" href=\"https:\/\/ndcnavigator.org\/es\/explorar-rutas-hacia-ndc-ambiciosas-e-implementables\/desbloquear-el-financiamiento\/mejorar-la-comprension-de-las-necesidades-de-inversion\/\">Mejorar la comprensi\u00f3n de las necesidades de inversi\u00f3n<\/a><\/li><li class=\"wp-block-pages-list__item \"><a class=\"wp-block-pages-list__item__link\" href=\"https:\/\/ndcnavigator.org\/es\/explorar-rutas-hacia-ndc-ambiciosas-e-implementables\/desbloquear-el-financiamiento\/evaluar-las-fuentes-de-financiacion-climatica\/\">Evaluar las fuentes de financiaci\u00f3n clim\u00e1tica<\/a><\/li><li class=\"wp-block-pages-list__item \"><a class=\"wp-block-pages-list__item__link\" href=\"https:\/\/ndcnavigator.org\/es\/explorar-rutas-hacia-ndc-ambiciosas-e-implementables\/desbloquear-el-financiamiento\/facilitar-un-entorno-propicio\/\">Facilitar un entorno propicio<\/a><\/li><li class=\"wp-block-pages-list__item \"><a class=\"wp-block-pages-list__item__link\" href=\"https:\/\/ndcnavigator.org\/es\/explorar-rutas-hacia-ndc-ambiciosas-e-implementables\/desbloquear-el-financiamiento\/mejorar-el-potencial-de-inversion-de-las-ndc\/\">Mejorar el potencial de inversi\u00f3n de las NDC<\/a><\/li><\/ul><\/li><\/ul><\/li><li class=\"wp-block-pages-list__item\"><a class=\"wp-block-pages-list__item__link\" href=\"https:\/\/ndcnavigator.org\/es\/oportunidades-de-apoyo\/\">Oportunidades de apoyo<\/a><\/li><li class=\"wp-block-pages-list__item\"><a class=\"wp-block-pages-list__item__link\" href=\"https:\/\/ndcnavigator.org\/es\/compartir-recursos-adicionales\/\">Compartir recursos adicionales<\/a><\/li><li class=\"wp-block-pages-list__item\"><a class=\"wp-block-pages-list__item__link\" href=\"https:\/\/ndcnavigator.org\/es\/socios\/\">Socios<\/a><\/li><li class=\"wp-block-pages-list__item\"><a class=\"wp-block-pages-list__item__link\" href=\"https:\/\/ndcnavigator.org\/es\/mapa-del-sitio\/\">Mapa del sitio<\/a><\/li><li class=\"wp-block-pages-list__item\"><a class=\"wp-block-pages-list__item__link\" href=\"https:\/\/ndcnavigator.org\/es\/busca-en\/\">Busca en<\/a><\/li><\/ul>","protected":false},"excerpt":{"rendered":"","protected":false},"author":1,"featured_media":0,"parent":0,"menu_order":10,"comment_status":"closed","ping_status":"closed","template":"page-simple","meta":{"_acf_changed":false,"inline_featured_image":false,"footnotes":""},"class_list":["post-1703","page","type-page","status-publish","hentry"],"acf":[],"yoast_head":"<!-- This site is optimized with the Yoast SEO plugin v26.9 - https:\/\/yoast.com\/product\/yoast-seo-wordpress\/ -->\n<title>Mapa del sitio - Navegador NDC 3.0<\/title>\n<meta name=\"robots\" content=\"index, follow, max-snippet:-1, max-image-preview:large, max-video-preview:-1\" \/>\n<link rel=\"canonical\" href=\"https:\/\/ndcnavigator.org\/es\/mapa-del-sitio\/\" \/>\n<meta property=\"og:locale\" content=\"es_ES\" \/>\n<meta property=\"og:type\" content=\"article\" \/>\n<meta property=\"og:title\" content=\"Mapa del sitio - Navegador NDC 3.0\" \/>\n<meta property=\"og:url\" content=\"https:\/\/ndcnavigator.org\/es\/mapa-del-sitio\/\" \/>\n<meta property=\"og:site_name\" content=\"Navegador NDC 3.0\" \/>\n<meta property=\"article:publisher\" content=\"https:\/\/www.facebook.com\/ndcpartnership\/\" \/>\n<meta property=\"article:modified_time\" content=\"2024-08-14T08:26:25+00:00\" \/>\n<meta name=\"twitter:card\" content=\"summary_large_image\" \/>\n<meta name=\"twitter:site\" content=\"@ndcpartnership\" \/>\n<script type=\"application\/ld+json\" class=\"yoast-schema-graph\">{\"@context\":\"https:\/\/schema.org\",\"@graph\":[{\"@type\":\"WebPage\",\"@id\":\"https:\/\/ndcnavigator.org\/es\/mapa-del-sitio\/\",\"url\":\"https:\/\/ndcnavigator.org\/es\/mapa-del-sitio\/\",\"name\":\"Mapa del sitio - Navegador NDC 3.0\",\"isPartOf\":{\"@id\":\"https:\/\/ndcnavigator.org\/es\/#website\"},\"datePublished\":\"2024-05-20T14:58:36+00:00\",\"dateModified\":\"2024-08-14T08:26:25+00:00\",\"breadcrumb\":{\"@id\":\"https:\/\/ndcnavigator.org\/es\/mapa-del-sitio\/#breadcrumb\"},\"inLanguage\":\"es-ES\",\"potentialAction\":[{\"@type\":\"ReadAction\",\"target\":[\"https:\/\/ndcnavigator.org\/es\/mapa-del-sitio\/\"]}]},{\"@type\":\"BreadcrumbList\",\"@id\":\"https:\/\/ndcnavigator.org\/es\/mapa-del-sitio\/#breadcrumb\",\"itemListElement\":[{\"@type\":\"ListItem\",\"position\":1,\"name\":\"Inicio\",\"item\":\"https:\/\/ndcnavigator.org\/es\/\"},{\"@type\":\"ListItem\",\"position\":2,\"name\":\"Mapa del sitio\"}]},{\"@type\":\"WebSite\",\"@id\":\"https:\/\/ndcnavigator.org\/es\/#website\",\"url\":\"https:\/\/ndcnavigator.org\/es\/\",\"name\":\"NDC 3.0 Navigator\",\"description\":\"\",\"publisher\":{\"@id\":\"https:\/\/ndcnavigator.org\/es\/#organization\"},\"potentialAction\":[{\"@type\":\"SearchAction\",\"target\":{\"@type\":\"EntryPoint\",\"urlTemplate\":\"https:\/\/ndcnavigator.org\/es\/?s={search_term_string}\"},\"query-input\":{\"@type\":\"PropertyValueSpecification\",\"valueRequired\":true,\"valueName\":\"search_term_string\"}}],\"inLanguage\":\"es-ES\"},{\"@type\":\"Organization\",\"@id\":\"https:\/\/ndcnavigator.org\/es\/#organization\",\"name\":\"NDC Partnership\",\"url\":\"https:\/\/ndcnavigator.org\/es\/\",\"logo\":{\"@type\":\"ImageObject\",\"inLanguage\":\"es-ES\",\"@id\":\"https:\/\/ndcnavigator.org\/es\/#\/schema\/logo\/image\/\",\"url\":\"https:\/\/ndcnavigator.org\/wp-content\/uploads\/2024\/05\/logo-ndcp.png\",\"contentUrl\":\"https:\/\/ndcnavigator.org\/wp-content\/uploads\/2024\/05\/logo-ndcp.png\",\"width\":460,\"height\":260,\"caption\":\"NDC Partnership\"},\"image\":{\"@id\":\"https:\/\/ndcnavigator.org\/es\/#\/schema\/logo\/image\/\"},\"sameAs\":[\"https:\/\/www.facebook.com\/ndcpartnership\/\",\"https:\/\/x.com\/ndcpartnership\",\"https:\/\/www.linkedin.com\/company\/ndcpartnership\/\",\"https:\/\/www.youtube.com\/channel\/UCI9wdmuD1OsgqipKpTUGSsg\",\"https:\/\/www.instagram.com\/ndcpartnership\/\",\"https:\/\/issuu.com\/ndcpartnership\"]}]}<\/script>\n<!-- \/ Yoast SEO plugin. -->","yoast_head_json":{"title":"Mapa del sitio - Navegador NDC 3.0","robots":{"index":"index","follow":"follow","max-snippet":"max-snippet:-1","max-image-preview":"max-image-preview:large","max-video-preview":"max-video-preview:-1"},"canonical":"https:\/\/ndcnavigator.org\/es\/mapa-del-sitio\/","og_locale":"es_ES","og_type":"article","og_title":"Mapa del sitio - Navegador NDC 3.0","og_url":"https:\/\/ndcnavigator.org\/es\/mapa-del-sitio\/","og_site_name":"Navegador NDC 3.0","article_publisher":"https:\/\/www.facebook.com\/ndcpartnership\/","article_modified_time":"2024-08-14T08:26:25+00:00","twitter_card":"summary_large_image","twitter_site":"@ndcpartnership","schema":{"@context":"https:\/\/schema.org","@graph":[{"@type":"WebPage","@id":"https:\/\/ndcnavigator.org\/es\/mapa-del-sitio\/","url":"https:\/\/ndcnavigator.org\/es\/mapa-del-sitio\/","name":"Mapa del sitio - Navegador NDC 3.0","isPartOf":{"@id":"https:\/\/ndcnavigator.org\/es\/#website"},"datePublished":"2024-05-20T14:58:36+00:00","dateModified":"2024-08-14T08:26:25+00:00","breadcrumb":{"@id":"https:\/\/ndcnavigator.org\/es\/mapa-del-sitio\/#breadcrumb"},"inLanguage":"es-ES","potentialAction":[{"@type":"ReadAction","target":["https:\/\/ndcnavigator.org\/es\/mapa-del-sitio\/"]}]},{"@type":"BreadcrumbList","@id":"https:\/\/ndcnavigator.org\/es\/mapa-del-sitio\/#breadcrumb","itemListElement":[{"@type":"ListItem","position":1,"name":"Inicio","item":"https:\/\/ndcnavigator.org\/es\/"},{"@type":"ListItem","position":2,"name":"Mapa del sitio"}]},{"@type":"WebSite","@id":"https:\/\/ndcnavigator.org\/es\/#website","url":"https:\/\/ndcnavigator.org\/es\/","name":"NDC 3.0 Navigator","description":"","publisher":{"@id":"https:\/\/ndcnavigator.org\/es\/#organization"},"potentialAction":[{"@type":"SearchAction","target":{"@type":"EntryPoint","urlTemplate":"https:\/\/ndcnavigator.org\/es\/?s={search_term_string}"},"query-input":{"@type":"PropertyValueSpecification","valueRequired":true,"valueName":"search_term_string"}}],"inLanguage":"es-ES"},{"@type":"Organization","@id":"https:\/\/ndcnavigator.org\/es\/#organization","name":"NDC Partnership","url":"https:\/\/ndcnavigator.org\/es\/","logo":{"@type":"ImageObject","inLanguage":"es-ES","@id":"https:\/\/ndcnavigator.org\/es\/#\/schema\/logo\/image\/","url":"https:\/\/ndcnavigator.org\/wp-content\/uploads\/2024\/05\/logo-ndcp.png","contentUrl":"https:\/\/ndcnavigator.org\/wp-content\/uploads\/2024\/05\/logo-ndcp.png","width":460,"height":260,"caption":"NDC Partnership"},"image":{"@id":"https:\/\/ndcnavigator.org\/es\/#\/schema\/logo\/image\/"},"sameAs":["https:\/\/www.facebook.com\/ndcpartnership\/","https:\/\/x.com\/ndcpartnership","https:\/\/www.linkedin.com\/company\/ndcpartnership\/","https:\/\/www.youtube.com\/channel\/UCI9wdmuD1OsgqipKpTUGSsg","https:\/\/www.instagram.com\/ndcpartnership\/","https:\/\/issuu.com\/ndcpartnership"]}]}},"_links":{"self":[{"href":"https:\/\/ndcnavigator.org\/es\/wp-json\/wp\/v2\/pages\/1703","targetHints":{"allow":["GET"]}}],"collection":[{"href":"https:\/\/ndcnavigator.org\/es\/wp-json\/wp\/v2\/pages"}],"about":[{"href":"https:\/\/ndcnavigator.org\/es\/wp-json\/wp\/v2\/types\/page"}],"author":[{"embeddable":true,"href":"https:\/\/ndcnavigator.org\/es\/wp-json\/wp\/v2\/users\/1"}],"replies":[{"embeddable":true,"href":"https:\/\/ndcnavigator.org\/es\/wp-json\/wp\/v2\/comments?post=1703"}],"version-history":[{"count":2,"href":"https:\/\/ndcnavigator.org\/es\/wp-json\/wp\/v2\/pages\/1703\/revisions"}],"predecessor-version":[{"id":1705,"href":"https:\/\/ndcnavigator.org\/es\/wp-json\/wp\/v2\/pages\/1703\/revisions\/1705"}],"wp:attachment":[{"href":"https:\/\/ndcnavigator.org\/es\/wp-json\/wp\/v2\/media?parent=1703"}],"curies":[{"name":"wp","href":"https:\/\/api.w.org\/{rel}","templated":true}]}}