{"id":1845,"date":"2024-05-29T11:28:59","date_gmt":"2024-05-29T11:28:59","guid":{"rendered":"https:\/\/ndcnavigator.org\/partenaires\/"},"modified":"2025-06-18T14:41:02","modified_gmt":"2025-06-18T14:41:02","slug":"partenaires","status":"publish","type":"page","link":"https:\/\/ndcnavigator.org\/fr\/partenaires\/","title":{"rendered":"Partenaires"},"content":{"rendered":"\n<div class=\"wp-block-group alignwide has-global-padding is-content-justification-left is-layout-constrained wp-container-core-group-is-layout-366c5339 wp-block-group-is-layout-constrained\">\n<p>Le NDC Partnership a d\u00e9velopp\u00e9 le Navigateur CDN 3.0 en collaboration avec le Secr\u00e9tariat de la CCNUCC et avec des contributions techniques du PNUD, du WRI et de Ricardo. La structure du Navigateur, ainsi que les strat\u00e9gies, les \u00e9tudes de cas et les conseils qu&#8217;il contient ont \u00e9t\u00e9 \u00e9labor\u00e9s \u00e0 partir d&#8217;enqu\u00eates, d&#8217;entretiens et d&#8217;engagements avec des parties prenantes nationales et des experts d&#8217;un large \u00e9ventail d&#8217;organisations, notamment : <\/p>\n\n\n\n<div class=\"wp-block-group has-global-padding is-layout-constrained wp-container-core-group-is-layout-ff6e4433 wp-block-group-is-layout-constrained\">\n<p><a href=\"https:\/\/2050pathways.org\/\" target=\"_blank\" rel=\"noreferrer noopener\">Plate-forme 2050 sur les voies d&#8217;acc\u00e8s<\/a><\/p>\n\n\n\n<p><a href=\"https:\/\/www.adb.org\/\" target=\"_blank\" rel=\"noreferrer noopener\">Banque asiatique de d\u00e9veloppement (BAD)<\/a><\/p>\n\n\n\n<p><a href=\"https:\/\/www.c40.org\/\" target=\"_blank\" rel=\"noreferrer noopener\">C40 Villes<\/a><\/p>\n\n\n\n<p><a href=\"https:\/\/climateanalytics.org\/\" target=\"_blank\" rel=\"noreferrer noopener\">Analyse du climat<\/a><\/p>\n\n\n\n<p><a href=\"https:\/\/www.climatepolicyinitiative.org\/\" data-type=\"link\" data-id=\"https:\/\/www.climatepolicyinitiative.org\/\" target=\"_blank\" rel=\"noreferrer noopener\">Initiative pour une politique climatique (CPI)<\/a><\/p>\n\n\n\n<p><a href=\"https:\/\/thecommonwealth.org\/\" target=\"_blank\" rel=\"noreferrer noopener\">Secr\u00e9tariat du Commonwealth<\/a><\/p>\n\n\n\n<p><a href=\"https:\/\/www.conservation.org\/\" target=\"_blank\" rel=\"noreferrer noopener\">Conservation International (CI)<\/a><\/p>\n\n\n\n<p><a href=\"https:\/\/www.giz.de\/en\/html\/index.html\" target=\"_blank\" rel=\"noreferrer noopener\">Deutsche Gesellschaft f\u00fcr Internationale Zusammenarbeit GmbH (GIZ)<\/a><\/p>\n\n\n\n<p><a href=\"https:\/\/europeanclimate.org\/\" target=\"_blank\" rel=\"noreferrer noopener\">Fondation europ\u00e9enne pour le climat (ECF)<\/a><\/p>\n\n\n\n<p><a href=\"https:\/\/www.fao.org\/home\/en\" target=\"_blank\" rel=\"noreferrer noopener\">Organisation des Nations unies pour l&#8217;alimentation et l&#8217;agriculture (FAO)<\/a><\/p>\n\n\n\n<p><a href=\"https:\/\/www.umweltbundesamt.de\/en\" target=\"_blank\" rel=\"noreferrer noopener\">Agence allemande pour l&#8217;environnement &#8211; Umweltbundesamt (UBA)<\/a><\/p>\n\n\n\n<p><a href=\"https:\/\/www.globalcovenantofmayors.org\/\" data-type=\"link\" data-id=\"https:\/\/www.globalcovenantofmayors.org\/\" target=\"_blank\" rel=\"noreferrer noopener\">Convention mondiale des maires pour le climat et l&#8217;\u00e9nergie (GCoM)<\/a><\/p>\n\n\n\n<p><a href=\"https:\/\/www.thegef.org\/\" target=\"_blank\" rel=\"noreferrer noopener\">Fonds pour l&#8217;environnement mondial (FEM)<\/a><\/p>\n\n\n\n<p><a href=\"https:\/\/gggi.org\/\" target=\"_blank\" rel=\"noreferrer noopener\">Institut mondial pour la croissance verte (GGGI)<\/a><\/p>\n\n\n\n<p><a href=\"https:\/\/www.greenclimate.fund\/\" data-type=\"link\" data-id=\"https:\/\/www.greenclimate.fund\/\" target=\"_blank\" rel=\"noreferrer noopener\">Fonds vert pour le climat (FVC)<\/a><\/p>\n\n\n\n<p><a href=\"https:\/\/iclei.org\/\" target=\"_blank\" rel=\"noreferrer noopener\">ICLEI &#8211; Gouvernements locaux pour le d\u00e9veloppement durable<\/a><\/p>\n\n\n\n<p><a href=\"https:\/\/climateactiontransparency.org\/\" target=\"_blank\" rel=\"noreferrer noopener\">Initiative pour la transparence de l&#8217;action climatique (ICAT)<\/a><\/p>\n\n\n\n<p><a href=\"https:\/\/www.iaea.org\/\" target=\"_blank\" rel=\"noreferrer noopener\">Agence internationale de l&#8217;\u00e9nergie atomique (AIEA)<\/a><\/p>\n\n\n\n<p><a href=\"https:\/\/www.iea.org\/\" target=\"_blank\" rel=\"noreferrer noopener\">Agence internationale de l&#8217;\u00e9nergie (AIE)<\/a><\/p>\n\n\n\n<p><a href=\"https:\/\/www.ifad.org\/en\/\" target=\"_blank\" rel=\"noreferrer noopener\">Fonds international de d\u00e9veloppement agricole (FIDA)<\/a><\/p>\n\n\n\n<p><a href=\"https:\/\/www.iisd.org\/\" target=\"_blank\" rel=\"noreferrer noopener\">Institut international du d\u00e9veloppement durable (IIDD)<\/a><\/p>\n\n\n\n<p><a href=\"https:\/\/www.iigcc.org\/\" target=\"_blank\" rel=\"noreferrer noopener\">Groupe international d&#8217;investisseurs sur le changement climatique (IIGCC)<\/a><\/p>\n\n\n\n<p><a href=\"https:\/\/www.ilo.org\/\" target=\"_blank\" rel=\"noreferrer noopener\">Organisation internationale du travail (OIT)<\/a><\/p>\n\n\n\n<p><a href=\"https:\/\/www.iom.int\/\" target=\"_blank\" rel=\"noreferrer noopener\">Organisation internationale pour les migrations (OIM)<\/a><\/p>\n\n\n\n<p><a href=\"https:\/\/www.irena.org\/\" target=\"_blank\" rel=\"noreferrer noopener\">Agence internationale pour les \u00e9nergies renouvelables (IRENA)<\/a><\/p>\n\n\n\n<p><a href=\"https:\/\/iucn.org\/\" target=\"_blank\" rel=\"noreferrer noopener\">Union internationale pour la conservation de la nature (UICN)<\/a><\/p>\n\n\n\n<p><a href=\"https:\/\/www.linkedin.com\/\" target=\"_blank\" rel=\"noreferrer noopener\">LinkedIn<\/a><\/p>\n\n\n\n<p><a href=\"https:\/\/www.pewtrusts.org\/en\/\" target=\"_blank\" rel=\"noreferrer noopener\">Pew Charitable Trusts<\/a><\/p>\n\n\n\n<p><a href=\"https:\/\/poweringpastcoal.org\/\" target=\"_blank\" rel=\"noreferrer noopener\">L&#8217;Alliance pour un pass\u00e9 \u00e9nerg\u00e9tique sans charbon (PPCA)<\/a><\/p>\n\n\n\n<p><a href=\"https:\/\/pacificndc.org\/\" target=\"_blank\" rel=\"noreferrer noopener\">Plate-forme r\u00e9gionale du Pacifique pour les NDC<\/a><\/p>\n\n\n\n<p><a href=\"https:\/\/www.nature.org\/\" target=\"_blank\" rel=\"noreferrer noopener\">The Nature Conservancy (TNC)<\/a><\/p>\n\n\n\n<p><a href=\"https:\/\/www.undp.org\/\" target=\"_blank\" rel=\"noreferrer noopener\">Programme des Nations unies pour le d\u00e9veloppement (PNUD)<\/a><\/p>\n\n\n\n<p><a href=\"https:\/\/www.unescap.org\/\" target=\"_blank\" rel=\"noreferrer noopener\">Commission \u00e9conomique et sociale des Nations unies pour l&#8217;Asie et le Pacifique (CESAP)<\/a><\/p>\n\n\n\n<p><a href=\"https:\/\/www.unep.org\/\" target=\"_blank\" rel=\"noreferrer noopener\">Programme des Nations unies pour l&#8217;environnement (PNUE)<\/a><\/p>\n\n\n\n<p><a href=\"https:\/\/www.unilever.com\/\" target=\"_blank\" rel=\"noreferrer noopener\">Unilever<\/a><\/p>\n\n\n\n<p><a href=\"https:\/\/www.wri.org\/\" target=\"_blank\" rel=\"noreferrer noopener\">Institut des ressources mondiales (WRI)<\/a><\/p>\n\n\n\n<p><a href=\"https:\/\/www.worldwildlife.org\/\" target=\"_blank\" rel=\"noreferrer noopener\">Fonds mondial pour la nature (WWF)<\/a><\/p>\n<\/div>\n\n\n\n<div class=\"wp-block-group has-global-padding is-layout-constrained wp-container-core-group-is-layout-ff6e4433 wp-block-group-is-layout-constrained\">\n<p><strong>Les gouvernements des pays suivants ont fait part de leurs commentaires pr\u00e9cieux :<\/strong><\/p>\n\n\n\n<p>Chili<\/p>\n\n\n\n<p>Colombie<\/p>\n\n\n\n<p>\u00c9thiopie<\/p>\n\n\n\n<p>G\u00e9orgie<\/p>\n\n\n\n<p>Allemagne<\/p>\n\n\n\n<p>Guatemala<\/p>\n\n\n\n<p>Honduras<\/p>\n\n\n\n<p>Kenya<\/p>\n\n\n\n<p>Mongolie<\/p>\n\n\n\n<p>Maroc<\/p>\n\n\n\n<p>Mozambique<\/p>\n\n\n\n<p>Niger<\/p>\n\n\n\n<p>Panama<\/p>\n\n\n\n<p>P\u00e9rou<\/p>\n\n\n\n<p>R\u00e9publique de Guin\u00e9e<\/p>\n\n\n\n<p>Sainte-Lucie<\/p>\n\n\n\n<p>Sierra Leone<\/p>\n\n\n\n<p>Royaume-Uni<\/p>\n\n\n\n<p>Viet Nam<\/p>\n<\/div>\n<\/div>\n\n<p><\/p>\n","protected":false},"excerpt":{"rendered":"<p>Le NDC Partnership a d\u00e9velopp\u00e9 le Navigateur CDN 3.0 en collaboration avec le Secr\u00e9tariat de la CCNUCC et avec des contributions techniques du PNUD, du WRI et de Ricardo. La structure du Navigateur, ainsi que les strat\u00e9gies, les \u00e9tudes de cas et les conseils qu&#8217;il contient ont \u00e9t\u00e9 \u00e9labor\u00e9s \u00e0 partir d&#8217;enqu\u00eates, d&#8217;entretiens et d&#8217;engagements [&hellip;]<\/p>\n","protected":false},"author":1,"featured_media":0,"parent":0,"menu_order":7,"comment_status":"closed","ping_status":"closed","template":"","meta":{"_acf_changed":false,"inline_featured_image":false,"footnotes":""},"class_list":["post-1845","page","type-page","status-publish","hentry"],"acf":[],"yoast_head":"<!-- This site is optimized with the Yoast SEO plugin v26.9 - https:\/\/yoast.com\/product\/yoast-seo-wordpress\/ -->\n<title>Partenaires - Navigateur CDN 3.0<\/title>\n<meta name=\"robots\" content=\"index, follow, max-snippet:-1, max-image-preview:large, max-video-preview:-1\" \/>\n<link rel=\"canonical\" href=\"https:\/\/ndcnavigator.org\/fr\/partenaires\/\" \/>\n<meta property=\"og:locale\" content=\"fr_FR\" \/>\n<meta property=\"og:type\" content=\"article\" \/>\n<meta property=\"og:title\" content=\"Partenaires - Navigateur CDN 3.0\" \/>\n<meta property=\"og:description\" content=\"Le NDC Partnership a d\u00e9velopp\u00e9 le Navigateur CDN 3.0 en collaboration avec le Secr\u00e9tariat de la CCNUCC et avec des contributions techniques du PNUD, du WRI et de Ricardo. La structure du Navigateur, ainsi que les strat\u00e9gies, les \u00e9tudes de cas et les conseils qu&#8217;il contient ont \u00e9t\u00e9 \u00e9labor\u00e9s \u00e0 partir d&#8217;enqu\u00eates, d&#8217;entretiens et d&#8217;engagements [&hellip;]\" \/>\n<meta property=\"og:url\" content=\"https:\/\/ndcnavigator.org\/fr\/partenaires\/\" \/>\n<meta property=\"og:site_name\" content=\"Navigateur CDN 3.0\" \/>\n<meta property=\"article:publisher\" content=\"https:\/\/www.facebook.com\/ndcpartnership\/\" \/>\n<meta property=\"article:modified_time\" content=\"2025-06-18T14:41:02+00:00\" \/>\n<meta name=\"twitter:card\" content=\"summary_large_image\" \/>\n<meta name=\"twitter:site\" content=\"@ndcpartnership\" \/>\n<meta name=\"twitter:label1\" content=\"Est. reading time\" \/>\n\t<meta name=\"twitter:data1\" content=\"2 minutes\" \/>\n<script type=\"application\/ld+json\" class=\"yoast-schema-graph\">{\"@context\":\"https:\/\/schema.org\",\"@graph\":[{\"@type\":\"WebPage\",\"@id\":\"https:\/\/ndcnavigator.org\/fr\/partenaires\/\",\"url\":\"https:\/\/ndcnavigator.org\/fr\/partenaires\/\",\"name\":\"Partenaires - Navigateur CDN 3.0\",\"isPartOf\":{\"@id\":\"https:\/\/ndcnavigator.org\/fr\/#website\"},\"datePublished\":\"2024-05-29T11:28:59+00:00\",\"dateModified\":\"2025-06-18T14:41:02+00:00\",\"breadcrumb\":{\"@id\":\"https:\/\/ndcnavigator.org\/fr\/partenaires\/#breadcrumb\"},\"inLanguage\":\"fr-FR\",\"potentialAction\":[{\"@type\":\"ReadAction\",\"target\":[\"https:\/\/ndcnavigator.org\/fr\/partenaires\/\"]}]},{\"@type\":\"BreadcrumbList\",\"@id\":\"https:\/\/ndcnavigator.org\/fr\/partenaires\/#breadcrumb\",\"itemListElement\":[{\"@type\":\"ListItem\",\"position\":1,\"name\":\"Home\",\"item\":\"https:\/\/ndcnavigator.org\/fr\/\"},{\"@type\":\"ListItem\",\"position\":2,\"name\":\"Partenaires\"}]},{\"@type\":\"WebSite\",\"@id\":\"https:\/\/ndcnavigator.org\/fr\/#website\",\"url\":\"https:\/\/ndcnavigator.org\/fr\/\",\"name\":\"NDC 3.0 Navigator\",\"description\":\"\",\"publisher\":{\"@id\":\"https:\/\/ndcnavigator.org\/fr\/#organization\"},\"potentialAction\":[{\"@type\":\"SearchAction\",\"target\":{\"@type\":\"EntryPoint\",\"urlTemplate\":\"https:\/\/ndcnavigator.org\/fr\/?s={search_term_string}\"},\"query-input\":{\"@type\":\"PropertyValueSpecification\",\"valueRequired\":true,\"valueName\":\"search_term_string\"}}],\"inLanguage\":\"fr-FR\"},{\"@type\":\"Organization\",\"@id\":\"https:\/\/ndcnavigator.org\/fr\/#organization\",\"name\":\"NDC Partnership\",\"url\":\"https:\/\/ndcnavigator.org\/fr\/\",\"logo\":{\"@type\":\"ImageObject\",\"inLanguage\":\"fr-FR\",\"@id\":\"https:\/\/ndcnavigator.org\/fr\/#\/schema\/logo\/image\/\",\"url\":\"https:\/\/ndcnavigator.org\/wp-content\/uploads\/2024\/05\/logo-ndcp.png\",\"contentUrl\":\"https:\/\/ndcnavigator.org\/wp-content\/uploads\/2024\/05\/logo-ndcp.png\",\"width\":460,\"height\":260,\"caption\":\"NDC Partnership\"},\"image\":{\"@id\":\"https:\/\/ndcnavigator.org\/fr\/#\/schema\/logo\/image\/\"},\"sameAs\":[\"https:\/\/www.facebook.com\/ndcpartnership\/\",\"https:\/\/x.com\/ndcpartnership\",\"https:\/\/www.linkedin.com\/company\/ndcpartnership\/\",\"https:\/\/www.youtube.com\/channel\/UCI9wdmuD1OsgqipKpTUGSsg\",\"https:\/\/www.instagram.com\/ndcpartnership\/\",\"https:\/\/issuu.com\/ndcpartnership\"]}]}<\/script>\n<!-- \/ Yoast SEO plugin. -->","yoast_head_json":{"title":"Partenaires - Navigateur CDN 3.0","robots":{"index":"index","follow":"follow","max-snippet":"max-snippet:-1","max-image-preview":"max-image-preview:large","max-video-preview":"max-video-preview:-1"},"canonical":"https:\/\/ndcnavigator.org\/fr\/partenaires\/","og_locale":"fr_FR","og_type":"article","og_title":"Partenaires - Navigateur CDN 3.0","og_description":"Le NDC Partnership a d\u00e9velopp\u00e9 le Navigateur CDN 3.0 en collaboration avec le Secr\u00e9tariat de la CCNUCC et avec des contributions techniques du PNUD, du WRI et de Ricardo. La structure du Navigateur, ainsi que les strat\u00e9gies, les \u00e9tudes de cas et les conseils qu&#8217;il contient ont \u00e9t\u00e9 \u00e9labor\u00e9s \u00e0 partir d&#8217;enqu\u00eates, d&#8217;entretiens et d&#8217;engagements [&hellip;]","og_url":"https:\/\/ndcnavigator.org\/fr\/partenaires\/","og_site_name":"Navigateur CDN 3.0","article_publisher":"https:\/\/www.facebook.com\/ndcpartnership\/","article_modified_time":"2025-06-18T14:41:02+00:00","twitter_card":"summary_large_image","twitter_site":"@ndcpartnership","twitter_misc":{"Est. reading time":"2 minutes"},"schema":{"@context":"https:\/\/schema.org","@graph":[{"@type":"WebPage","@id":"https:\/\/ndcnavigator.org\/fr\/partenaires\/","url":"https:\/\/ndcnavigator.org\/fr\/partenaires\/","name":"Partenaires - Navigateur CDN 3.0","isPartOf":{"@id":"https:\/\/ndcnavigator.org\/fr\/#website"},"datePublished":"2024-05-29T11:28:59+00:00","dateModified":"2025-06-18T14:41:02+00:00","breadcrumb":{"@id":"https:\/\/ndcnavigator.org\/fr\/partenaires\/#breadcrumb"},"inLanguage":"fr-FR","potentialAction":[{"@type":"ReadAction","target":["https:\/\/ndcnavigator.org\/fr\/partenaires\/"]}]},{"@type":"BreadcrumbList","@id":"https:\/\/ndcnavigator.org\/fr\/partenaires\/#breadcrumb","itemListElement":[{"@type":"ListItem","position":1,"name":"Home","item":"https:\/\/ndcnavigator.org\/fr\/"},{"@type":"ListItem","position":2,"name":"Partenaires"}]},{"@type":"WebSite","@id":"https:\/\/ndcnavigator.org\/fr\/#website","url":"https:\/\/ndcnavigator.org\/fr\/","name":"NDC 3.0 Navigator","description":"","publisher":{"@id":"https:\/\/ndcnavigator.org\/fr\/#organization"},"potentialAction":[{"@type":"SearchAction","target":{"@type":"EntryPoint","urlTemplate":"https:\/\/ndcnavigator.org\/fr\/?s={search_term_string}"},"query-input":{"@type":"PropertyValueSpecification","valueRequired":true,"valueName":"search_term_string"}}],"inLanguage":"fr-FR"},{"@type":"Organization","@id":"https:\/\/ndcnavigator.org\/fr\/#organization","name":"NDC Partnership","url":"https:\/\/ndcnavigator.org\/fr\/","logo":{"@type":"ImageObject","inLanguage":"fr-FR","@id":"https:\/\/ndcnavigator.org\/fr\/#\/schema\/logo\/image\/","url":"https:\/\/ndcnavigator.org\/wp-content\/uploads\/2024\/05\/logo-ndcp.png","contentUrl":"https:\/\/ndcnavigator.org\/wp-content\/uploads\/2024\/05\/logo-ndcp.png","width":460,"height":260,"caption":"NDC Partnership"},"image":{"@id":"https:\/\/ndcnavigator.org\/fr\/#\/schema\/logo\/image\/"},"sameAs":["https:\/\/www.facebook.com\/ndcpartnership\/","https:\/\/x.com\/ndcpartnership","https:\/\/www.linkedin.com\/company\/ndcpartnership\/","https:\/\/www.youtube.com\/channel\/UCI9wdmuD1OsgqipKpTUGSsg","https:\/\/www.instagram.com\/ndcpartnership\/","https:\/\/issuu.com\/ndcpartnership"]}]}},"_links":{"self":[{"href":"https:\/\/ndcnavigator.org\/fr\/wp-json\/wp\/v2\/pages\/1845","targetHints":{"allow":["GET"]}}],"collection":[{"href":"https:\/\/ndcnavigator.org\/fr\/wp-json\/wp\/v2\/pages"}],"about":[{"href":"https:\/\/ndcnavigator.org\/fr\/wp-json\/wp\/v2\/types\/page"}],"author":[{"embeddable":true,"href":"https:\/\/ndcnavigator.org\/fr\/wp-json\/wp\/v2\/users\/1"}],"replies":[{"embeddable":true,"href":"https:\/\/ndcnavigator.org\/fr\/wp-json\/wp\/v2\/comments?post=1845"}],"version-history":[{"count":4,"href":"https:\/\/ndcnavigator.org\/fr\/wp-json\/wp\/v2\/pages\/1845\/revisions"}],"predecessor-version":[{"id":2854,"href":"https:\/\/ndcnavigator.org\/fr\/wp-json\/wp\/v2\/pages\/1845\/revisions\/2854"}],"wp:attachment":[{"href":"https:\/\/ndcnavigator.org\/fr\/wp-json\/wp\/v2\/media?parent=1845"}],"curies":[{"name":"wp","href":"https:\/\/api.w.org\/{rel}","templated":true}]}}