{"id":1847,"date":"2024-05-29T11:33:37","date_gmt":"2024-05-29T11:33:37","guid":{"rendered":"https:\/\/ndcnavigator.org\/partager-des-ressources-supplementaires\/"},"modified":"2025-05-18T21:36:06","modified_gmt":"2025-05-18T21:36:06","slug":"partager-des-ressources-supplementaires","status":"publish","type":"page","link":"https:\/\/ndcnavigator.org\/fr\/partager-des-ressources-supplementaires\/","title":{"rendered":"Partager des ressources suppl\u00e9mentaires"},"content":{"rendered":"\n<div class=\"wp-block-group alignwide has-global-padding is-content-justification-left is-layout-constrained wp-container-core-group-is-layout-12dd3699 wp-block-group-is-layout-constrained\">\n<p class=\"is-style-prefix-bold has-large-font-size\">Le site Navigateur CDN 3.0 donne acc\u00e8s \u00e0 des ressources cr\u00e9\u00e9es par des experts et \u00e0 des strat\u00e9gies recommand\u00e9es, que les pays peuvent utiliser pour r\u00e9diger leur CDN 3.0. Si vous avez de nouvelles ressources \u00e0 partager ou des suggestions d&#8217;\u00e9tudes de cas, veuillez nous en faire part en utilisant le formulaire ci-dessous. <\/p>\n\n\n\n<div class=\"wp-block-buttons is-layout-flex wp-block-buttons-is-layout-flex\">\n<div class=\"wp-block-button c-icon\"><a class=\"wp-block-button__link wp-element-button\" href=\"https:\/\/forms.monday.com\/forms\/4c56653e12ad497988fd048064b5e1a4?r=use1\" target=\"_blank\" rel=\"noreferrer noopener\">Voir le formulaire<\/a><\/div>\n<\/div>\n<\/div>\n","protected":false},"excerpt":{"rendered":"<p>Le site Navigateur CDN 3.0 donne acc\u00e8s \u00e0 des ressources cr\u00e9\u00e9es par des experts et \u00e0 des strat\u00e9gies recommand\u00e9es, que les pays peuvent utiliser pour r\u00e9diger leur CDN 3.0. Si vous avez de nouvelles ressources \u00e0 partager ou des suggestions d&#8217;\u00e9tudes de cas, veuillez nous en faire part en utilisant le formulaire ci-dessous.<\/p>\n","protected":false},"author":1,"featured_media":0,"parent":0,"menu_order":6,"comment_status":"closed","ping_status":"closed","template":"","meta":{"_acf_changed":false,"inline_featured_image":false,"footnotes":""},"class_list":["post-1847","page","type-page","status-publish","hentry"],"acf":[],"yoast_head":"<!-- This site is optimized with the Yoast SEO plugin v26.9 - https:\/\/yoast.com\/product\/yoast-seo-wordpress\/ -->\n<title>Partager des ressources suppl\u00e9mentaires - Navigateur CDN 3.0<\/title>\n<meta name=\"robots\" content=\"index, follow, max-snippet:-1, max-image-preview:large, max-video-preview:-1\" \/>\n<link rel=\"canonical\" href=\"https:\/\/ndcnavigator.org\/fr\/partager-des-ressources-supplementaires\/\" \/>\n<meta property=\"og:locale\" content=\"fr_FR\" \/>\n<meta property=\"og:type\" content=\"article\" \/>\n<meta property=\"og:title\" content=\"Partager des ressources suppl\u00e9mentaires - Navigateur CDN 3.0\" \/>\n<meta property=\"og:description\" content=\"Le site Navigateur CDN 3.0 donne acc\u00e8s \u00e0 des ressources cr\u00e9\u00e9es par des experts et \u00e0 des strat\u00e9gies recommand\u00e9es, que les pays peuvent utiliser pour r\u00e9diger leur CDN 3.0. Si vous avez de nouvelles ressources \u00e0 partager ou des suggestions d&#8217;\u00e9tudes de cas, veuillez nous en faire part en utilisant le formulaire ci-dessous.\" \/>\n<meta property=\"og:url\" content=\"https:\/\/ndcnavigator.org\/fr\/partager-des-ressources-supplementaires\/\" \/>\n<meta property=\"og:site_name\" content=\"Navigateur CDN 3.0\" \/>\n<meta property=\"article:publisher\" content=\"https:\/\/www.facebook.com\/ndcpartnership\/\" \/>\n<meta property=\"article:modified_time\" content=\"2025-05-18T21:36:06+00:00\" \/>\n<meta name=\"twitter:card\" content=\"summary_large_image\" \/>\n<meta name=\"twitter:site\" content=\"@ndcpartnership\" \/>\n<script type=\"application\/ld+json\" class=\"yoast-schema-graph\">{\"@context\":\"https:\/\/schema.org\",\"@graph\":[{\"@type\":\"WebPage\",\"@id\":\"https:\/\/ndcnavigator.org\/fr\/partager-des-ressources-supplementaires\/\",\"url\":\"https:\/\/ndcnavigator.org\/fr\/partager-des-ressources-supplementaires\/\",\"name\":\"Partager des ressources suppl\u00e9mentaires - Navigateur CDN 3.0\",\"isPartOf\":{\"@id\":\"https:\/\/ndcnavigator.org\/fr\/#website\"},\"datePublished\":\"2024-05-29T11:33:37+00:00\",\"dateModified\":\"2025-05-18T21:36:06+00:00\",\"breadcrumb\":{\"@id\":\"https:\/\/ndcnavigator.org\/fr\/partager-des-ressources-supplementaires\/#breadcrumb\"},\"inLanguage\":\"fr-FR\",\"potentialAction\":[{\"@type\":\"ReadAction\",\"target\":[\"https:\/\/ndcnavigator.org\/fr\/partager-des-ressources-supplementaires\/\"]}]},{\"@type\":\"BreadcrumbList\",\"@id\":\"https:\/\/ndcnavigator.org\/fr\/partager-des-ressources-supplementaires\/#breadcrumb\",\"itemListElement\":[{\"@type\":\"ListItem\",\"position\":1,\"name\":\"Home\",\"item\":\"https:\/\/ndcnavigator.org\/fr\/\"},{\"@type\":\"ListItem\",\"position\":2,\"name\":\"Partager des ressources suppl\u00e9mentaires\"}]},{\"@type\":\"WebSite\",\"@id\":\"https:\/\/ndcnavigator.org\/fr\/#website\",\"url\":\"https:\/\/ndcnavigator.org\/fr\/\",\"name\":\"NDC 3.0 Navigator\",\"description\":\"\",\"publisher\":{\"@id\":\"https:\/\/ndcnavigator.org\/fr\/#organization\"},\"potentialAction\":[{\"@type\":\"SearchAction\",\"target\":{\"@type\":\"EntryPoint\",\"urlTemplate\":\"https:\/\/ndcnavigator.org\/fr\/?s={search_term_string}\"},\"query-input\":{\"@type\":\"PropertyValueSpecification\",\"valueRequired\":true,\"valueName\":\"search_term_string\"}}],\"inLanguage\":\"fr-FR\"},{\"@type\":\"Organization\",\"@id\":\"https:\/\/ndcnavigator.org\/fr\/#organization\",\"name\":\"NDC Partnership\",\"url\":\"https:\/\/ndcnavigator.org\/fr\/\",\"logo\":{\"@type\":\"ImageObject\",\"inLanguage\":\"fr-FR\",\"@id\":\"https:\/\/ndcnavigator.org\/fr\/#\/schema\/logo\/image\/\",\"url\":\"https:\/\/ndcnavigator.org\/wp-content\/uploads\/2024\/05\/logo-ndcp.png\",\"contentUrl\":\"https:\/\/ndcnavigator.org\/wp-content\/uploads\/2024\/05\/logo-ndcp.png\",\"width\":460,\"height\":260,\"caption\":\"NDC Partnership\"},\"image\":{\"@id\":\"https:\/\/ndcnavigator.org\/fr\/#\/schema\/logo\/image\/\"},\"sameAs\":[\"https:\/\/www.facebook.com\/ndcpartnership\/\",\"https:\/\/x.com\/ndcpartnership\",\"https:\/\/www.linkedin.com\/company\/ndcpartnership\/\",\"https:\/\/www.youtube.com\/channel\/UCI9wdmuD1OsgqipKpTUGSsg\",\"https:\/\/www.instagram.com\/ndcpartnership\/\",\"https:\/\/issuu.com\/ndcpartnership\"]}]}<\/script>\n<!-- \/ Yoast SEO plugin. -->","yoast_head_json":{"title":"Partager des ressources suppl\u00e9mentaires - Navigateur CDN 3.0","robots":{"index":"index","follow":"follow","max-snippet":"max-snippet:-1","max-image-preview":"max-image-preview:large","max-video-preview":"max-video-preview:-1"},"canonical":"https:\/\/ndcnavigator.org\/fr\/partager-des-ressources-supplementaires\/","og_locale":"fr_FR","og_type":"article","og_title":"Partager des ressources suppl\u00e9mentaires - Navigateur CDN 3.0","og_description":"Le site Navigateur CDN 3.0 donne acc\u00e8s \u00e0 des ressources cr\u00e9\u00e9es par des experts et \u00e0 des strat\u00e9gies recommand\u00e9es, que les pays peuvent utiliser pour r\u00e9diger leur CDN 3.0. Si vous avez de nouvelles ressources \u00e0 partager ou des suggestions d&#8217;\u00e9tudes de cas, veuillez nous en faire part en utilisant le formulaire ci-dessous.","og_url":"https:\/\/ndcnavigator.org\/fr\/partager-des-ressources-supplementaires\/","og_site_name":"Navigateur CDN 3.0","article_publisher":"https:\/\/www.facebook.com\/ndcpartnership\/","article_modified_time":"2025-05-18T21:36:06+00:00","twitter_card":"summary_large_image","twitter_site":"@ndcpartnership","schema":{"@context":"https:\/\/schema.org","@graph":[{"@type":"WebPage","@id":"https:\/\/ndcnavigator.org\/fr\/partager-des-ressources-supplementaires\/","url":"https:\/\/ndcnavigator.org\/fr\/partager-des-ressources-supplementaires\/","name":"Partager des ressources suppl\u00e9mentaires - Navigateur CDN 3.0","isPartOf":{"@id":"https:\/\/ndcnavigator.org\/fr\/#website"},"datePublished":"2024-05-29T11:33:37+00:00","dateModified":"2025-05-18T21:36:06+00:00","breadcrumb":{"@id":"https:\/\/ndcnavigator.org\/fr\/partager-des-ressources-supplementaires\/#breadcrumb"},"inLanguage":"fr-FR","potentialAction":[{"@type":"ReadAction","target":["https:\/\/ndcnavigator.org\/fr\/partager-des-ressources-supplementaires\/"]}]},{"@type":"BreadcrumbList","@id":"https:\/\/ndcnavigator.org\/fr\/partager-des-ressources-supplementaires\/#breadcrumb","itemListElement":[{"@type":"ListItem","position":1,"name":"Home","item":"https:\/\/ndcnavigator.org\/fr\/"},{"@type":"ListItem","position":2,"name":"Partager des ressources suppl\u00e9mentaires"}]},{"@type":"WebSite","@id":"https:\/\/ndcnavigator.org\/fr\/#website","url":"https:\/\/ndcnavigator.org\/fr\/","name":"NDC 3.0 Navigator","description":"","publisher":{"@id":"https:\/\/ndcnavigator.org\/fr\/#organization"},"potentialAction":[{"@type":"SearchAction","target":{"@type":"EntryPoint","urlTemplate":"https:\/\/ndcnavigator.org\/fr\/?s={search_term_string}"},"query-input":{"@type":"PropertyValueSpecification","valueRequired":true,"valueName":"search_term_string"}}],"inLanguage":"fr-FR"},{"@type":"Organization","@id":"https:\/\/ndcnavigator.org\/fr\/#organization","name":"NDC Partnership","url":"https:\/\/ndcnavigator.org\/fr\/","logo":{"@type":"ImageObject","inLanguage":"fr-FR","@id":"https:\/\/ndcnavigator.org\/fr\/#\/schema\/logo\/image\/","url":"https:\/\/ndcnavigator.org\/wp-content\/uploads\/2024\/05\/logo-ndcp.png","contentUrl":"https:\/\/ndcnavigator.org\/wp-content\/uploads\/2024\/05\/logo-ndcp.png","width":460,"height":260,"caption":"NDC Partnership"},"image":{"@id":"https:\/\/ndcnavigator.org\/fr\/#\/schema\/logo\/image\/"},"sameAs":["https:\/\/www.facebook.com\/ndcpartnership\/","https:\/\/x.com\/ndcpartnership","https:\/\/www.linkedin.com\/company\/ndcpartnership\/","https:\/\/www.youtube.com\/channel\/UCI9wdmuD1OsgqipKpTUGSsg","https:\/\/www.instagram.com\/ndcpartnership\/","https:\/\/issuu.com\/ndcpartnership"]}]}},"_links":{"self":[{"href":"https:\/\/ndcnavigator.org\/fr\/wp-json\/wp\/v2\/pages\/1847","targetHints":{"allow":["GET"]}}],"collection":[{"href":"https:\/\/ndcnavigator.org\/fr\/wp-json\/wp\/v2\/pages"}],"about":[{"href":"https:\/\/ndcnavigator.org\/fr\/wp-json\/wp\/v2\/types\/page"}],"author":[{"embeddable":true,"href":"https:\/\/ndcnavigator.org\/fr\/wp-json\/wp\/v2\/users\/1"}],"replies":[{"embeddable":true,"href":"https:\/\/ndcnavigator.org\/fr\/wp-json\/wp\/v2\/comments?post=1847"}],"version-history":[{"count":4,"href":"https:\/\/ndcnavigator.org\/fr\/wp-json\/wp\/v2\/pages\/1847\/revisions"}],"predecessor-version":[{"id":2820,"href":"https:\/\/ndcnavigator.org\/fr\/wp-json\/wp\/v2\/pages\/1847\/revisions\/2820"}],"wp:attachment":[{"href":"https:\/\/ndcnavigator.org\/fr\/wp-json\/wp\/v2\/media?parent=1847"}],"curies":[{"name":"wp","href":"https:\/\/api.w.org\/{rel}","templated":true}]}}