{"id":1857,"date":"2024-05-01T09:40:47","date_gmt":"2024-05-01T09:40:47","guid":{"rendered":"https:\/\/ndcnavigator.org\/opportunites-dappui\/"},"modified":"2024-08-28T11:16:57","modified_gmt":"2024-08-28T11:16:57","slug":"opportunites-dappui","status":"publish","type":"page","link":"https:\/\/ndcnavigator.org\/fr\/opportunites-dappui\/","title":{"rendered":"Opportunit\u00e9s d&#8217;appui"},"content":{"rendered":"\n<div class=\"wp-block-group alignwide is-layout-flow wp-container-core-group-is-layout-18906f75 wp-block-group-is-layout-flow\">\n<div class=\"wp-block-group has-global-padding is-layout-constrained wp-block-group-is-layout-constrained\">\n<p class=\"is-style-prefix-bold has-large-font-size\">Le Navigateur CDN 3.0 vise \u00e0 fournir des informations et de l&#8217;inspiration en aidant les pays \u00e0 faire le point sur les besoins \u00e0 travers un spectre de possibilit\u00e9s d&#8217;am\u00e9lioration de la CDN et \u00e0 identifier et prioriser les domaines les plus appropri\u00e9s pour augmenter l&#8217;ambition dans leur contexte national.<\/p>\n\n\n\n<p>Le NDC Partnership soutient ses <a data-type=\"link\" data-id=\"https:\/\/ndcpartnership.org\/about\/members\" href=\"https:\/\/ndcpartnership.org\/about\/members\" target=\"_blank\" rel=\"noreferrer noopener\">pays en d\u00e9veloppement membres<\/a>, sur demande, avec des <a href=\"https:\/\/ndcpartnership.org\/country-action\/ndc-partnership-thematic-call-lt-leds-and-ndc-alignment-update-and-enhancement\" target=\"_blank\" rel=\"noreferrer noopener\">ressources et une expertise coordonn\u00e9es<\/a> pour d\u00e9velopper et aligner les contributions d\u00e9termin\u00e9es au niveau national (CDN) et les strat\u00e9gies de d\u00e9veloppement \u00e0 faibles \u00e9missions \u00e0 long terme (LT-LEDS) conform\u00e9ment \u00e0 l&#8217;Accord de Paris.\nLe Secr\u00e9tariat de la CCNUCC a \u00e9galement d\u00e9velopp\u00e9 une <a href=\"https:\/\/unfccc.int\/ndc-3.0\">page web<\/a> sur les CDN 3.0 qui fournit des ressources suppl\u00e9mentaires sur le soutien disponible aux pays pour l&#8217;\u00e9laboration de leur CDN 3.0. <\/p>\n\n\n\n<p>Si les pays souhaitent obtenir plus d&#8217;informations sur la mani\u00e8re dont le NDC Partnership peut les aider \u00e0 \u00e9laborer leur NDC 3.0, ils sont invit\u00e9s \u00e0 utiliser le formulaire ci-dessous :<\/p>\n<\/div>\n\n\n\n<div class=\"wp-block-group alignwide has-blue-tint-background-color has-background has-global-padding is-layout-constrained wp-container-core-group-is-layout-dcd69aa2 wp-block-group-is-layout-constrained\" style=\"padding-top:var(--wp--preset--spacing--64);padding-right:var(--wp--preset--spacing--36);padding-bottom:var(--wp--preset--spacing--64);padding-left:var(--wp--preset--spacing--36)\"><div class=\"frm_forms c-form \" id=\"frm_form_3_container\" data-token=\"0b14fca739beede85ce53c940db84dce\">\n<form enctype=\"multipart\/form-data\" method=\"post\" class=\"frm-show-form  frm_js_validate  frm_ajax_submit  frm_pro_form \" id=\"form_support\" data-token=\"0b14fca739beede85ce53c940db84dce\">\n<div class=\"frm_form_fields \">\n<fieldset>\n<legend class=\"frm_screen_reader\">Support<\/legend>\r\n\r\n<div class=\"frm_fields_container\">\n<input type=\"hidden\" name=\"frm_action\" value=\"create\" \/>\n<input type=\"hidden\" name=\"form_id\" value=\"3\" \/>\n<input type=\"hidden\" name=\"frm_hide_fields_3\" id=\"frm_hide_fields_3\" value=\"\" \/>\n<input type=\"hidden\" name=\"form_key\" value=\"support\" \/>\n<input type=\"hidden\" name=\"item_meta[0]\" value=\"\" \/>\n<input type=\"hidden\" id=\"frm_submit_entry_3\" name=\"frm_submit_entry_3\" value=\"66c0bb2233\" \/><input type=\"hidden\" name=\"_wp_http_referer\" value=\"\/fr\/wp-json\/wp\/v2\/pages\/1857\" \/><div id=\"frm_field_25_container\" class=\"frm_form_field form-field  frm_required_field frm_top_container\">\r\n\t<label for=\"field_8w0kl\" id=\"field_8w0kl_label\" class=\"frm_primary_label\">Votre nom:\r\n\t\t<span class=\"frm_required\" aria-hidden=\"true\">*<\/span>\r\n\t<\/label>\r\n\t<input  type=\"text\" id=\"field_8w0kl\" name=\"item_meta[25]\" value=\"\"  data-reqmsg=\"Votre nom: cannot be blank.\" aria-required=\"true\" data-invmsg=\"Votre nom: is invalid\" aria-invalid=\"false\"   \/>\r\n\t\r\n\t\r\n<\/div>\n<div id=\"frm_field_35_container\" class=\"frm_form_field form-field  frm_required_field frm_top_container\">\r\n\t<label for=\"field_ahxwl\" id=\"field_ahxwl_label\" class=\"frm_primary_label\">Adresse \u00e9lectronique:\r\n\t\t<span class=\"frm_required\" aria-hidden=\"true\">*<\/span>\r\n\t<\/label>\r\n\t<input  type=\"text\" id=\"field_ahxwl\" name=\"item_meta[35]\" value=\"\"  data-reqmsg=\"Adresse \u00e9lectronique: cannot be blank.\" aria-required=\"true\" data-invmsg=\"Adresse \u00e9lectronique: is invalid\" aria-invalid=\"false\"   \/>\r\n\t\r\n\t\r\n<\/div>\n<div id=\"frm_field_26_container\" class=\"frm_form_field form-field  frm_required_field frm_top_container\">\r\n\t<label for=\"field_itqr0\" id=\"field_itqr0_label\" class=\"frm_primary_label\">Votre pays:\r\n\t\t<span class=\"frm_required\" aria-hidden=\"true\">*<\/span>\r\n\t<\/label>\r\n\t<input  type=\"text\" id=\"field_itqr0\" name=\"item_meta[26]\" value=\"\"  data-reqmsg=\"Votre pays: cannot be blank.\" aria-required=\"true\" data-invmsg=\"Votre pays: is invalid\" aria-invalid=\"false\"   \/>\r\n\t\r\n\t\r\n<\/div>\n<div id=\"frm_field_27_container\" class=\"frm_form_field form-field  frm_required_field frm_top_container\">\r\n\t<label for=\"field_1019g\" id=\"field_1019g_label\" class=\"frm_primary_label\">Votre minist\u00e8re:\r\n\t\t<span class=\"frm_required\" aria-hidden=\"true\">*<\/span>\r\n\t<\/label>\r\n\t<input  type=\"text\" id=\"field_1019g\" name=\"item_meta[27]\" value=\"\"  data-reqmsg=\"Votre minist\u00e8re: cannot be blank.\" aria-required=\"true\" data-invmsg=\"Votre minist\u00e8re: is invalid\" aria-invalid=\"false\"   \/>\r\n\t\r\n\t\r\n<\/div>\n<div id=\"frm_field_28_container\" class=\"frm_form_field form-field  frm_required_field frm_top_container\">\r\n\t<label for=\"field_fxygd\" id=\"field_fxygd_label\" class=\"frm_primary_label\">D\u00e9crivez bri\u00e8vement le type de soutien que vous recherchez :\r\n\t\t<span class=\"frm_required\" aria-hidden=\"true\">*<\/span>\r\n\t<\/label>\r\n\t<textarea name=\"item_meta[28]\" id=\"field_fxygd\"  data-reqmsg=\"D\u00e9crivez bri\u00e8vement le type de soutien que vous recherchez : cannot be blank.\" aria-required=\"true\" data-invmsg=\"D\u00e9crivez bri\u00e8vement le type de soutien que vous recherchez : is invalid\" aria-invalid=\"false\"  ><\/textarea>\r\n\t\r\n\t\r\n<\/div>\n<div id=\"frm_field_24_container\" class=\"frm_form_field form-field \">\r\n\t<div class=\"frm_submit frm_flex\">\r\n<button class=\"frm_button_submit frm_final_submit\" type=\"submit\"  >Envoyer<\/button>\r\n\r\n\r\n\r\n<\/div>\r\n<\/div>\n\t<input type=\"hidden\" name=\"item_key\" value=\"\" \/>\n\t\t\t<div id=\"frm_field_37_container\">\n\t\t\t<label for=\"field_y41nl\" >\n\t\t\t\tIf you are human, leave this field blank.\t\t\t<\/label>\n\t\t\t<input  id=\"field_y41nl\" type=\"text\" class=\"frm_form_field form-field frm_verify\" name=\"item_meta[37]\" value=\"\"  \/>\n\t\t<\/div>\n\t\t<input name=\"frm_state\" type=\"hidden\" value=\"fh+CitXnezOMvtXsrdDs+5kvbKSjqbbX8B28kTjqvSmHRDTsYHUdqrWIrX3vCfB\/\" \/><\/div>\n<\/fieldset>\n<\/div>\n\n<\/form>\n<\/div>\n<\/div>\n<\/div>\n","protected":false},"excerpt":{"rendered":"<p>Le Navigateur CDN 3.0 vise \u00e0 fournir des informations et de l&#8217;inspiration en aidant les pays \u00e0 faire le point sur les besoins \u00e0 travers un spectre de possibilit\u00e9s d&#8217;am\u00e9lioration de la CDN et \u00e0 identifier et prioriser les domaines les plus appropri\u00e9s pour augmenter l&#8217;ambition dans leur contexte national. Le NDC Partnership soutient ses [&hellip;]<\/p>\n","protected":false},"author":1,"featured_media":0,"parent":0,"menu_order":5,"comment_status":"closed","ping_status":"closed","template":"","meta":{"_acf_changed":false,"inline_featured_image":false,"footnotes":""},"class_list":["post-1857","page","type-page","status-publish","hentry"],"acf":[],"yoast_head":"<!-- This site is optimized with the Yoast SEO plugin v26.9 - https:\/\/yoast.com\/product\/yoast-seo-wordpress\/ -->\n<title>Opportunit\u00e9s d&#039;appui - Navigateur CDN 3.0<\/title>\n<meta name=\"robots\" content=\"index, follow, max-snippet:-1, max-image-preview:large, max-video-preview:-1\" \/>\n<link rel=\"canonical\" href=\"https:\/\/ndcnavigator.org\/fr\/opportunites-dappui\/\" \/>\n<meta property=\"og:locale\" content=\"fr_FR\" \/>\n<meta property=\"og:type\" content=\"article\" \/>\n<meta property=\"og:title\" content=\"Opportunit\u00e9s d&#039;appui - Navigateur CDN 3.0\" \/>\n<meta property=\"og:description\" content=\"Le Navigateur CDN 3.0 vise \u00e0 fournir des informations et de l&#8217;inspiration en aidant les pays \u00e0 faire le point sur les besoins \u00e0 travers un spectre de possibilit\u00e9s d&#8217;am\u00e9lioration de la CDN et \u00e0 identifier et prioriser les domaines les plus appropri\u00e9s pour augmenter l&#8217;ambition dans leur contexte national. Le NDC Partnership soutient ses [&hellip;]\" \/>\n<meta property=\"og:url\" content=\"https:\/\/ndcnavigator.org\/fr\/opportunites-dappui\/\" \/>\n<meta property=\"og:site_name\" content=\"Navigateur CDN 3.0\" \/>\n<meta property=\"article:publisher\" content=\"https:\/\/www.facebook.com\/ndcpartnership\/\" \/>\n<meta property=\"article:modified_time\" content=\"2024-08-28T11:16:57+00:00\" \/>\n<meta name=\"twitter:card\" content=\"summary_large_image\" \/>\n<meta name=\"twitter:site\" content=\"@ndcpartnership\" \/>\n<meta name=\"twitter:label1\" content=\"Est. reading time\" \/>\n\t<meta name=\"twitter:data1\" content=\"1 minute\" \/>\n<script type=\"application\/ld+json\" class=\"yoast-schema-graph\">{\"@context\":\"https:\/\/schema.org\",\"@graph\":[{\"@type\":\"WebPage\",\"@id\":\"https:\/\/ndcnavigator.org\/fr\/opportunites-dappui\/\",\"url\":\"https:\/\/ndcnavigator.org\/fr\/opportunites-dappui\/\",\"name\":\"Opportunit\u00e9s d'appui - Navigateur CDN 3.0\",\"isPartOf\":{\"@id\":\"https:\/\/ndcnavigator.org\/fr\/#website\"},\"datePublished\":\"2024-05-01T09:40:47+00:00\",\"dateModified\":\"2024-08-28T11:16:57+00:00\",\"breadcrumb\":{\"@id\":\"https:\/\/ndcnavigator.org\/fr\/opportunites-dappui\/#breadcrumb\"},\"inLanguage\":\"fr-FR\",\"potentialAction\":[{\"@type\":\"ReadAction\",\"target\":[\"https:\/\/ndcnavigator.org\/fr\/opportunites-dappui\/\"]}]},{\"@type\":\"BreadcrumbList\",\"@id\":\"https:\/\/ndcnavigator.org\/fr\/opportunites-dappui\/#breadcrumb\",\"itemListElement\":[{\"@type\":\"ListItem\",\"position\":1,\"name\":\"Home\",\"item\":\"https:\/\/ndcnavigator.org\/fr\/\"},{\"@type\":\"ListItem\",\"position\":2,\"name\":\"Opportunit\u00e9s d&#8217;appui\"}]},{\"@type\":\"WebSite\",\"@id\":\"https:\/\/ndcnavigator.org\/fr\/#website\",\"url\":\"https:\/\/ndcnavigator.org\/fr\/\",\"name\":\"NDC 3.0 Navigator\",\"description\":\"\",\"publisher\":{\"@id\":\"https:\/\/ndcnavigator.org\/fr\/#organization\"},\"potentialAction\":[{\"@type\":\"SearchAction\",\"target\":{\"@type\":\"EntryPoint\",\"urlTemplate\":\"https:\/\/ndcnavigator.org\/fr\/?s={search_term_string}\"},\"query-input\":{\"@type\":\"PropertyValueSpecification\",\"valueRequired\":true,\"valueName\":\"search_term_string\"}}],\"inLanguage\":\"fr-FR\"},{\"@type\":\"Organization\",\"@id\":\"https:\/\/ndcnavigator.org\/fr\/#organization\",\"name\":\"NDC Partnership\",\"url\":\"https:\/\/ndcnavigator.org\/fr\/\",\"logo\":{\"@type\":\"ImageObject\",\"inLanguage\":\"fr-FR\",\"@id\":\"https:\/\/ndcnavigator.org\/fr\/#\/schema\/logo\/image\/\",\"url\":\"https:\/\/ndcnavigator.org\/wp-content\/uploads\/2024\/05\/logo-ndcp.png\",\"contentUrl\":\"https:\/\/ndcnavigator.org\/wp-content\/uploads\/2024\/05\/logo-ndcp.png\",\"width\":460,\"height\":260,\"caption\":\"NDC Partnership\"},\"image\":{\"@id\":\"https:\/\/ndcnavigator.org\/fr\/#\/schema\/logo\/image\/\"},\"sameAs\":[\"https:\/\/www.facebook.com\/ndcpartnership\/\",\"https:\/\/x.com\/ndcpartnership\",\"https:\/\/www.linkedin.com\/company\/ndcpartnership\/\",\"https:\/\/www.youtube.com\/channel\/UCI9wdmuD1OsgqipKpTUGSsg\",\"https:\/\/www.instagram.com\/ndcpartnership\/\",\"https:\/\/issuu.com\/ndcpartnership\"]}]}<\/script>\n<!-- \/ Yoast SEO plugin. -->","yoast_head_json":{"title":"Opportunit\u00e9s d'appui - Navigateur CDN 3.0","robots":{"index":"index","follow":"follow","max-snippet":"max-snippet:-1","max-image-preview":"max-image-preview:large","max-video-preview":"max-video-preview:-1"},"canonical":"https:\/\/ndcnavigator.org\/fr\/opportunites-dappui\/","og_locale":"fr_FR","og_type":"article","og_title":"Opportunit\u00e9s d'appui - Navigateur CDN 3.0","og_description":"Le Navigateur CDN 3.0 vise \u00e0 fournir des informations et de l&#8217;inspiration en aidant les pays \u00e0 faire le point sur les besoins \u00e0 travers un spectre de possibilit\u00e9s d&#8217;am\u00e9lioration de la CDN et \u00e0 identifier et prioriser les domaines les plus appropri\u00e9s pour augmenter l&#8217;ambition dans leur contexte national. Le NDC Partnership soutient ses [&hellip;]","og_url":"https:\/\/ndcnavigator.org\/fr\/opportunites-dappui\/","og_site_name":"Navigateur CDN 3.0","article_publisher":"https:\/\/www.facebook.com\/ndcpartnership\/","article_modified_time":"2024-08-28T11:16:57+00:00","twitter_card":"summary_large_image","twitter_site":"@ndcpartnership","twitter_misc":{"Est. reading time":"1 minute"},"schema":{"@context":"https:\/\/schema.org","@graph":[{"@type":"WebPage","@id":"https:\/\/ndcnavigator.org\/fr\/opportunites-dappui\/","url":"https:\/\/ndcnavigator.org\/fr\/opportunites-dappui\/","name":"Opportunit\u00e9s d'appui - Navigateur CDN 3.0","isPartOf":{"@id":"https:\/\/ndcnavigator.org\/fr\/#website"},"datePublished":"2024-05-01T09:40:47+00:00","dateModified":"2024-08-28T11:16:57+00:00","breadcrumb":{"@id":"https:\/\/ndcnavigator.org\/fr\/opportunites-dappui\/#breadcrumb"},"inLanguage":"fr-FR","potentialAction":[{"@type":"ReadAction","target":["https:\/\/ndcnavigator.org\/fr\/opportunites-dappui\/"]}]},{"@type":"BreadcrumbList","@id":"https:\/\/ndcnavigator.org\/fr\/opportunites-dappui\/#breadcrumb","itemListElement":[{"@type":"ListItem","position":1,"name":"Home","item":"https:\/\/ndcnavigator.org\/fr\/"},{"@type":"ListItem","position":2,"name":"Opportunit\u00e9s d&#8217;appui"}]},{"@type":"WebSite","@id":"https:\/\/ndcnavigator.org\/fr\/#website","url":"https:\/\/ndcnavigator.org\/fr\/","name":"NDC 3.0 Navigator","description":"","publisher":{"@id":"https:\/\/ndcnavigator.org\/fr\/#organization"},"potentialAction":[{"@type":"SearchAction","target":{"@type":"EntryPoint","urlTemplate":"https:\/\/ndcnavigator.org\/fr\/?s={search_term_string}"},"query-input":{"@type":"PropertyValueSpecification","valueRequired":true,"valueName":"search_term_string"}}],"inLanguage":"fr-FR"},{"@type":"Organization","@id":"https:\/\/ndcnavigator.org\/fr\/#organization","name":"NDC Partnership","url":"https:\/\/ndcnavigator.org\/fr\/","logo":{"@type":"ImageObject","inLanguage":"fr-FR","@id":"https:\/\/ndcnavigator.org\/fr\/#\/schema\/logo\/image\/","url":"https:\/\/ndcnavigator.org\/wp-content\/uploads\/2024\/05\/logo-ndcp.png","contentUrl":"https:\/\/ndcnavigator.org\/wp-content\/uploads\/2024\/05\/logo-ndcp.png","width":460,"height":260,"caption":"NDC Partnership"},"image":{"@id":"https:\/\/ndcnavigator.org\/fr\/#\/schema\/logo\/image\/"},"sameAs":["https:\/\/www.facebook.com\/ndcpartnership\/","https:\/\/x.com\/ndcpartnership","https:\/\/www.linkedin.com\/company\/ndcpartnership\/","https:\/\/www.youtube.com\/channel\/UCI9wdmuD1OsgqipKpTUGSsg","https:\/\/www.instagram.com\/ndcpartnership\/","https:\/\/issuu.com\/ndcpartnership"]}]}},"_links":{"self":[{"href":"https:\/\/ndcnavigator.org\/fr\/wp-json\/wp\/v2\/pages\/1857","targetHints":{"allow":["GET"]}}],"collection":[{"href":"https:\/\/ndcnavigator.org\/fr\/wp-json\/wp\/v2\/pages"}],"about":[{"href":"https:\/\/ndcnavigator.org\/fr\/wp-json\/wp\/v2\/types\/page"}],"author":[{"embeddable":true,"href":"https:\/\/ndcnavigator.org\/fr\/wp-json\/wp\/v2\/users\/1"}],"replies":[{"embeddable":true,"href":"https:\/\/ndcnavigator.org\/fr\/wp-json\/wp\/v2\/comments?post=1857"}],"version-history":[{"count":1,"href":"https:\/\/ndcnavigator.org\/fr\/wp-json\/wp\/v2\/pages\/1857\/revisions"}],"predecessor-version":[{"id":1858,"href":"https:\/\/ndcnavigator.org\/fr\/wp-json\/wp\/v2\/pages\/1857\/revisions\/1858"}],"wp:attachment":[{"href":"https:\/\/ndcnavigator.org\/fr\/wp-json\/wp\/v2\/media?parent=1857"}],"curies":[{"name":"wp","href":"https:\/\/api.w.org\/{rel}","templated":true}]}}