{"id":1970,"date":"2024-05-20T14:58:36","date_gmt":"2024-05-20T14:58:36","guid":{"rendered":"https:\/\/ndcnavigator.org\/plan-du-site\/"},"modified":"2024-08-28T11:27:01","modified_gmt":"2024-08-28T11:27:01","slug":"plan-du-site","status":"publish","type":"page","link":"https:\/\/ndcnavigator.org\/fr\/plan-du-site\/","title":{"rendered":"Plan du site"},"content":{"rendered":"<ul class=\"wp-block-page-list\"><li class=\"wp-block-pages-list__item menu-item-home\"><a class=\"wp-block-pages-list__item__link\" href=\"https:\/\/ndcnavigator.org\/fr\/\">Navigateur CDN 3.0<\/a><\/li><li class=\"wp-block-pages-list__item\"><a class=\"wp-block-pages-list__item__link\" href=\"https:\/\/ndcnavigator.org\/fr\/en-savoir-plus-sur-le-navigateur-cdn-3-0\/\">En savoir plus sur le Navigateur CDN 3.0<\/a><\/li><li class=\"wp-block-pages-list__item\"><a class=\"wp-block-pages-list__item__link\" href=\"https:\/\/ndcnavigator.org\/fr\/reflechir-aux-besoins-et-aux-priorites-des-pays\/\">R\u00e9fl\u00e9chir aux besoins et aux priorit\u00e9s des pays<\/a><\/li><li class=\"wp-block-pages-list__item has-child\"><a class=\"wp-block-pages-list__item__link\" href=\"https:\/\/ndcnavigator.org\/fr\/explorer-les-routes-vers-des-cdn-ambitieuses-et-implementables\/\">Explorer les routes vers des CDN ambitieuses et impl\u00e9mentables<\/a><ul class=\"wp-block-navigation__submenu-container\"><li class=\"wp-block-pages-list__item has-child \"><a class=\"wp-block-pages-list__item__link\" href=\"https:\/\/ndcnavigator.org\/fr\/explorer-les-routes-vers-des-cdn-ambitieuses-et-implementables\/alignement-sur-lobjectif-de-temperature-de-laccord-de-paris\/\">Alignement sur l&#8217;objectif de temp\u00e9rature de l&#8217;Accord de Paris<\/a><ul class=\"wp-block-navigation__submenu-container\"><li class=\"wp-block-pages-list__item \"><a class=\"wp-block-pages-list__item__link\" href=\"https:\/\/ndcnavigator.org\/fr\/explorer-les-routes-vers-des-cdn-ambitieuses-et-implementables\/alignement-sur-lobjectif-de-temperature-de-laccord-de-paris\/definir-des-objectifs-pour-la-cdn-y-compris-des-objectifs-a-lechelle-de-leconomie\/\">D\u00e9finir des objectifs pour la CDN, y compris des objectifs \u00e0 l&#8217;\u00e9chelle de l&#8217;\u00e9conomie<\/a><\/li><li class=\"wp-block-pages-list__item \"><a class=\"wp-block-pages-list__item__link\" href=\"https:\/\/ndcnavigator.org\/fr\/explorer-les-routes-vers-des-cdn-ambitieuses-et-implementables\/alignement-sur-lobjectif-de-temperature-de-laccord-de-paris\/decomposer-les-objectifs-en-secteurs-et-niveaux-de-gouvernement\/\">D\u00e9composer les objectifs en secteurs et niveaux de gouvernement<\/a><\/li><li class=\"wp-block-pages-list__item \"><a class=\"wp-block-pages-list__item__link\" href=\"https:\/\/ndcnavigator.org\/fr\/explorer-les-routes-vers-des-cdn-ambitieuses-et-implementables\/alignement-sur-lobjectif-de-temperature-de-laccord-de-paris\/aligner-la-cdn-sur-les-objectifs-de-lt-leds-et-de-zero-emission-nette\/\">Aligner la CDN sur les objectifs de LT-LEDS et de z\u00e9ro \u00e9mission nette<\/a><\/li><li class=\"wp-block-pages-list__item \"><a class=\"wp-block-pages-list__item__link\" href=\"https:\/\/ndcnavigator.org\/fr\/explorer-les-routes-vers-des-cdn-ambitieuses-et-implementables\/alignement-sur-lobjectif-de-temperature-de-laccord-de-paris\/sassurer-que-la-cdn-est-basee-sur-la-science\/\">S&#8217;assurer que la CDN est bas\u00e9e sur la science<\/a><\/li><li class=\"wp-block-pages-list__item \"><a class=\"wp-block-pages-list__item__link\" href=\"https:\/\/ndcnavigator.org\/fr\/explorer-les-routes-vers-des-cdn-ambitieuses-et-implementables\/alignement-sur-lobjectif-de-temperature-de-laccord-de-paris\/refleter-les-activites-les-politiques-et-les-mesures\/\">Refl\u00e9ter les activit\u00e9s, les politiques et les mesures<\/a><\/li><li class=\"wp-block-pages-list__item \"><a class=\"wp-block-pages-list__item__link\" href=\"https:\/\/ndcnavigator.org\/fr\/explorer-les-routes-vers-des-cdn-ambitieuses-et-implementables\/alignement-sur-lobjectif-de-temperature-de-laccord-de-paris\/explorer-les-opportunites-sectorielles\/\">Explorer les opportunit\u00e9s sectorielles<\/a><\/li><\/ul><\/li><li class=\"wp-block-pages-list__item has-child \"><a class=\"wp-block-pages-list__item__link\" href=\"https:\/\/ndcnavigator.org\/fr\/explorer-les-routes-vers-des-cdn-ambitieuses-et-implementables\/alignement-sur-lobjectif-mondia-dadaptation-de-laccord-de-paris\/\">Align\u00e9 sur l&#8217;Objectif mondial d&#8217;adaptation de l&#8217;Accord de Paris<\/a><ul class=\"wp-block-navigation__submenu-container\"><li class=\"wp-block-pages-list__item \"><a class=\"wp-block-pages-list__item__link\" href=\"https:\/\/ndcnavigator.org\/fr\/explorer-les-routes-vers-des-cdn-ambitieuses-et-implementables\/alignement-sur-lobjectif-mondia-dadaptation-de-laccord-de-paris\/definir-et-atteindre-des-objectifs-et-des-actions\/\">D\u00e9finir et atteindre des objectifs et des actions<\/a><\/li><li class=\"wp-block-pages-list__item \"><a class=\"wp-block-pages-list__item__link\" href=\"https:\/\/ndcnavigator.org\/fr\/explorer-les-routes-vers-des-cdn-ambitieuses-et-implementables\/alignement-sur-lobjectif-mondia-dadaptation-de-laccord-de-paris\/ameliorer-les-liens-entre-les-cdn-et-les-pna\/\">Am\u00e9liorer les liens entre les CDN et les PNA<\/a><\/li><li class=\"wp-block-pages-list__item \"><a class=\"wp-block-pages-list__item__link\" href=\"https:\/\/ndcnavigator.org\/fr\/explorer-les-routes-vers-des-cdn-ambitieuses-et-implementables\/alignement-sur-lobjectif-mondia-dadaptation-de-laccord-de-paris\/ameliorer-la-disponibilite-des-donnees-pour-une-prise-de-decision-eclairee\/\">Am\u00e9liorer la disponibilit\u00e9 des donn\u00e9es pour une prise de d\u00e9cision \u00e9clair\u00e9e<\/a><\/li><li class=\"wp-block-pages-list__item \"><a class=\"wp-block-pages-list__item__link\" href=\"https:\/\/ndcnavigator.org\/fr\/explorer-les-routes-vers-des-cdn-ambitieuses-et-implementables\/alignement-sur-lobjectif-mondia-dadaptation-de-laccord-de-paris\/integrer-les-pertes-et-dommages\/\">Int\u00e9grer les pertes et dommages<\/a><\/li><li class=\"wp-block-pages-list__item \"><a class=\"wp-block-pages-list__item__link\" href=\"https:\/\/ndcnavigator.org\/fr\/explorer-les-routes-vers-des-cdn-ambitieuses-et-implementables\/alignement-sur-lobjectif-mondia-dadaptation-de-laccord-de-paris\/integrer-lensemble-de-la-societe-dans-la-planification-de-ladaptation\/\">Int\u00e9grer l&#8217;ensemble de la soci\u00e9t\u00e9 dans la planification de l&#8217;adaptation<\/a><\/li><li class=\"wp-block-pages-list__item \"><a class=\"wp-block-pages-list__item__link\" href=\"https:\/\/ndcnavigator.org\/fr\/explorer-les-routes-vers-des-cdn-ambitieuses-et-implementables\/alignement-sur-lobjectif-mondia-dadaptation-de-laccord-de-paris\/accroitre-les-synergies-entre-attenuation-et-adaptation\/\">Accro\u00eetre les synergies entre att\u00e9nuation et adaptation<\/a><\/li><li class=\"wp-block-pages-list__item \"><a class=\"wp-block-pages-list__item__link\" href=\"https:\/\/ndcnavigator.org\/fr\/explorer-les-routes-vers-des-cdn-ambitieuses-et-implementables\/alignement-sur-lobjectif-mondia-dadaptation-de-laccord-de-paris\/renforcer-les-solutions-basees-sur-la-nature\/\">Renforcer les solutions bas\u00e9es sur la nature<\/a><\/li><\/ul><\/li><li class=\"wp-block-pages-list__item has-child \"><a class=\"wp-block-pages-list__item__link\" href=\"https:\/\/ndcnavigator.org\/fr\/explorer-les-routes-vers-des-cdn-ambitieuses-et-implementables\/transition-juste-et-equitable\/\">Transition juste et \u00e9quitable<\/a><ul class=\"wp-block-navigation__submenu-container\"><li class=\"wp-block-pages-list__item \"><a class=\"wp-block-pages-list__item__link\" href=\"https:\/\/ndcnavigator.org\/fr\/explorer-les-routes-vers-des-cdn-ambitieuses-et-implementables\/transition-juste-et-equitable\/catalyseurs-transversaux-et-approches-collaboratives\/\">Catalyseurs transversaux et approches collaboratives<\/a><\/li><li class=\"wp-block-pages-list__item \"><a class=\"wp-block-pages-list__item__link\" href=\"https:\/\/ndcnavigator.org\/fr\/explorer-les-routes-vers-des-cdn-ambitieuses-et-implementables\/transition-juste-et-equitable\/comprendre-les-impacts-et-les-benefices-pour-la-societe\/\">Comprendre les impacts et les b\u00e9n\u00e9fices pour la soci\u00e9t\u00e9<\/a><\/li><li class=\"wp-block-pages-list__item \"><a class=\"wp-block-pages-list__item__link\" href=\"https:\/\/ndcnavigator.org\/fr\/explorer-les-routes-vers-des-cdn-ambitieuses-et-implementables\/transition-juste-et-equitable\/garantir-lautonomisation-et-laction-pour-tous\/\">Garantir l&#8217;autonomisation et l&#8217;action pour tous<\/a><\/li><li class=\"wp-block-pages-list__item \"><a class=\"wp-block-pages-list__item__link\" href=\"https:\/\/ndcnavigator.org\/fr\/explorer-les-routes-vers-des-cdn-ambitieuses-et-implementables\/transition-juste-et-equitable\/mettre-en-place-des-cadres-pour-des-processus-de-transition-justes\/\">Mettre en place des cadres pour des processus de transition justes<\/a><\/li><\/ul><\/li><li class=\"wp-block-pages-list__item has-child \"><a class=\"wp-block-pages-list__item__link\" href=\"https:\/\/ndcnavigator.org\/fr\/explorer-les-routes-vers-des-cdn-ambitieuses-et-implementables\/mobilisation-de-lensemble-du-gouvernement-et-de-la-societe\/\">Mobilisation de l&#8217;ensemble du gouvernement et de la soci\u00e9t\u00e9<\/a><ul class=\"wp-block-navigation__submenu-container\"><li class=\"wp-block-pages-list__item \"><a class=\"wp-block-pages-list__item__link\" href=\"https:\/\/ndcnavigator.org\/fr\/explorer-les-routes-vers-des-cdn-ambitieuses-et-implementables\/mobilisation-de-lensemble-du-gouvernement-et-de-la-societe\/garantir-une-coordination-efficace-au-sein-du-gouvernement\/\">Garantir une coordination efficace au sein du gouvernement<\/a><\/li><li class=\"wp-block-pages-list__item \"><a class=\"wp-block-pages-list__item__link\" href=\"https:\/\/ndcnavigator.org\/fr\/explorer-les-routes-vers-des-cdn-ambitieuses-et-implementables\/mobilisation-de-lensemble-du-gouvernement-et-de-la-societe\/integrer-la-cdn-dans-les-processus-de-planification-nationale\/\">Int\u00e9grer la CDN dans les processus de planification nationale<\/a><\/li><li class=\"wp-block-pages-list__item \"><a class=\"wp-block-pages-list__item__link\" href=\"https:\/\/ndcnavigator.org\/fr\/explorer-les-routes-vers-des-cdn-ambitieuses-et-implementables\/mobilisation-de-lensemble-du-gouvernement-et-de-la-societe\/engager-les-gouvernements-locaux-et-regionaux\/\">Engager les gouvernements locaux et r\u00e9gionaux<\/a><\/li><li class=\"wp-block-pages-list__item \"><a class=\"wp-block-pages-list__item__link\" href=\"https:\/\/ndcnavigator.org\/fr\/explorer-les-routes-vers-des-cdn-ambitieuses-et-implementables\/mobilisation-de-lensemble-du-gouvernement-et-de-la-societe\/inclure-toutes-les-voix-et-garantir-un-engagement-inclusif\/\">Inclure toutes les voix et garantir un engagement inclusif<\/a><\/li><li class=\"wp-block-pages-list__item \"><a class=\"wp-block-pages-list__item__link\" href=\"https:\/\/ndcnavigator.org\/fr\/explorer-les-routes-vers-des-cdn-ambitieuses-et-implementables\/mobilisation-de-lensemble-du-gouvernement-et-de-la-societe\/mobiliser-le-secteur-prive\/\">Mobiliser le secteur priv\u00e9<\/a><\/li><\/ul><\/li><li class=\"wp-block-pages-list__item has-child \"><a class=\"wp-block-pages-list__item__link\" href=\"https:\/\/ndcnavigator.org\/fr\/explorer-les-routes-vers-des-cdn-ambitieuses-et-implementables\/technologie-et-renforcement-des-capacites-en-tant-que-besoins-et-catalyseurs\/\">Technologie et renforcement des capacit\u00e9s en tant que besoins et catalyseurs<\/a><ul class=\"wp-block-navigation__submenu-container\"><li class=\"wp-block-pages-list__item \"><a class=\"wp-block-pages-list__item__link\" href=\"https:\/\/ndcnavigator.org\/fr\/explorer-les-routes-vers-des-cdn-ambitieuses-et-implementables\/technologie-et-renforcement-des-capacites-en-tant-que-besoins-et-catalyseurs\/clarifier-davantage-les-besoins-technologiques\/\">Clarifier davantage les besoins technologiques<\/a><\/li><li class=\"wp-block-pages-list__item \"><a class=\"wp-block-pages-list__item__link\" href=\"https:\/\/ndcnavigator.org\/fr\/explorer-les-routes-vers-des-cdn-ambitieuses-et-implementables\/technologie-et-renforcement-des-capacites-en-tant-que-besoins-et-catalyseurs\/accroitre-ladoption-de-technologies\/\">Accro\u00eetre l&#8217;adoption de technologies<\/a><\/li><li class=\"wp-block-pages-list__item \"><a class=\"wp-block-pages-list__item__link\" href=\"https:\/\/ndcnavigator.org\/fr\/explorer-les-routes-vers-des-cdn-ambitieuses-et-implementables\/technologie-et-renforcement-des-capacites-en-tant-que-besoins-et-catalyseurs\/utiliser-differentes-approches-pour-le-transfert-et-ladoption-de-technologies\/\">Utiliser diff\u00e9rentes approches pour le transfert et l&#8217;adoption de technologies<\/a><\/li><li class=\"wp-block-pages-list__item \"><a class=\"wp-block-pages-list__item__link\" href=\"https:\/\/ndcnavigator.org\/fr\/explorer-les-routes-vers-des-cdn-ambitieuses-et-implementables\/technologie-et-renforcement-des-capacites-en-tant-que-besoins-et-catalyseurs\/identifier-les-besoins-de-renforcement-des-capacites-et-dassistance-technique\/\">Identifier les besoins de renforcement des capacit\u00e9s et d&#8217;assistance technique<\/a><\/li><\/ul><\/li><li class=\"wp-block-pages-list__item has-child \"><a class=\"wp-block-pages-list__item__link\" href=\"https:\/\/ndcnavigator.org\/fr\/explorer-les-routes-vers-des-cdn-ambitieuses-et-implementables\/documents-techniquement-solides-et-transparents\/\">Documents techniquement solides et transparents<\/a><ul class=\"wp-block-navigation__submenu-container\"><li class=\"wp-block-pages-list__item \"><a class=\"wp-block-pages-list__item__link\" href=\"https:\/\/ndcnavigator.org\/fr\/explorer-les-routes-vers-des-cdn-ambitieuses-et-implementables\/documents-techniquement-solides-et-transparents\/quantifier-les-objectifs-et-les-actions\/\">Quantifier les objectifs et les actions<\/a><\/li><li class=\"wp-block-pages-list__item \"><a class=\"wp-block-pages-list__item__link\" href=\"https:\/\/ndcnavigator.org\/fr\/explorer-les-routes-vers-des-cdn-ambitieuses-et-implementables\/documents-techniquement-solides-et-transparents\/ameliorer-et-integrer-les-donnees-dans-lensemble-du-gouvernement\/\">Am\u00e9liorer et int\u00e9grer les donn\u00e9es dans l&#8217;ensemble du gouvernement<\/a><\/li><li class=\"wp-block-pages-list__item \"><a class=\"wp-block-pages-list__item__link\" href=\"https:\/\/ndcnavigator.org\/fr\/explorer-les-routes-vers-des-cdn-ambitieuses-et-implementables\/documents-techniquement-solides-et-transparents\/garantir-la-reproductibilite-et-lamelioration-continue\/\">Garantir la reproductibilit\u00e9 et l&#8217;am\u00e9lioration continue<\/a><\/li><li class=\"wp-block-pages-list__item \"><a class=\"wp-block-pages-list__item__link\" href=\"https:\/\/ndcnavigator.org\/fr\/explorer-les-routes-vers-des-cdn-ambitieuses-et-implementables\/documents-techniquement-solides-et-transparents\/aligner-les-processus-relatifs-a-la-cdn-et-a-la-transparence\/\">Aligner les processus relatifs \u00e0 la CDN et \u00e0 la transparence<\/a><\/li><li class=\"wp-block-pages-list__item \"><a class=\"wp-block-pages-list__item__link\" href=\"https:\/\/ndcnavigator.org\/fr\/explorer-les-routes-vers-des-cdn-ambitieuses-et-implementables\/documents-techniquement-solides-et-transparents\/refleter-larticle-6\/\">Refl\u00e9ter l&#8217;article 6<\/a><\/li><li class=\"wp-block-pages-list__item \"><a class=\"wp-block-pages-list__item__link\" href=\"https:\/\/ndcnavigator.org\/fr\/explorer-les-routes-vers-des-cdn-ambitieuses-et-implementables\/documents-techniquement-solides-et-transparents\/faire-le-lien-avec-les-communications-sur-ladaptation\/\">Faire le lien avec les communications sur l&#8217;adaptation<\/a><\/li><\/ul><\/li><li class=\"wp-block-pages-list__item has-child \"><a class=\"wp-block-pages-list__item__link\" href=\"https:\/\/ndcnavigator.org\/fr\/explorer-les-routes-vers-des-cdn-ambitieuses-et-implementables\/deblocage-des-financements\/\">D\u00e9blocage des financements<\/a><ul class=\"wp-block-navigation__submenu-container\"><li class=\"wp-block-pages-list__item \"><a class=\"wp-block-pages-list__item__link\" href=\"https:\/\/ndcnavigator.org\/fr\/explorer-les-routes-vers-des-cdn-ambitieuses-et-implementables\/deblocage-des-financements\/ameliorer-la-comprehension-des-besoins-dinvestissement\/\">Am\u00e9liorer la compr\u00e9hension des besoins d&#8217;investissement<\/a><\/li><li class=\"wp-block-pages-list__item \"><a class=\"wp-block-pages-list__item__link\" href=\"https:\/\/ndcnavigator.org\/fr\/explorer-les-routes-vers-des-cdn-ambitieuses-et-implementables\/deblocage-des-financements\/identifier-les-sources-de-financement-climatique-pertinentes\/\">Identifier les sources de financement climatique pertinentes<\/a><\/li><li class=\"wp-block-pages-list__item \"><a class=\"wp-block-pages-list__item__link\" href=\"https:\/\/ndcnavigator.org\/fr\/explorer-les-routes-vers-des-cdn-ambitieuses-et-implementables\/deblocage-des-financements\/promouvoir-un-environnement-favorable\/\">Promouvoir un environnement favorable<\/a><\/li><li class=\"wp-block-pages-list__item \"><a class=\"wp-block-pages-list__item__link\" href=\"https:\/\/ndcnavigator.org\/fr\/explorer-les-routes-vers-des-cdn-ambitieuses-et-implementables\/deblocage-des-financements\/renforcer-linvestissabilite-des-cdn\/\">Renforcer l&#8217;investissabilit\u00e9 des CDN<\/a><\/li><\/ul><\/li><\/ul><\/li><li class=\"wp-block-pages-list__item\"><a class=\"wp-block-pages-list__item__link\" href=\"https:\/\/ndcnavigator.org\/fr\/opportunites-dappui\/\">Opportunit\u00e9s d&#8217;appui<\/a><\/li><li class=\"wp-block-pages-list__item\"><a class=\"wp-block-pages-list__item__link\" href=\"https:\/\/ndcnavigator.org\/fr\/partager-des-ressources-supplementaires\/\">Partager des ressources suppl\u00e9mentaires<\/a><\/li><li class=\"wp-block-pages-list__item\"><a class=\"wp-block-pages-list__item__link\" href=\"https:\/\/ndcnavigator.org\/fr\/partenaires\/\">Partenaires<\/a><\/li><li class=\"wp-block-pages-list__item\"><a class=\"wp-block-pages-list__item__link\" href=\"https:\/\/ndcnavigator.org\/fr\/materiel-de-sensibilisation\/\">Mat\u00e9riel de sensibilisation<\/a><\/li><li class=\"wp-block-pages-list__item\"><a class=\"wp-block-pages-list__item__link\" href=\"https:\/\/ndcnavigator.org\/fr\/plan-du-site\/\">Plan du site<\/a><\/li><li class=\"wp-block-pages-list__item\"><a class=\"wp-block-pages-list__item__link\" href=\"https:\/\/ndcnavigator.org\/fr\/recherche\/\">Recherche<\/a><\/li><\/ul>","protected":false},"excerpt":{"rendered":"","protected":false},"author":1,"featured_media":0,"parent":0,"menu_order":10,"comment_status":"closed","ping_status":"closed","template":"page-simple","meta":{"_acf_changed":false,"inline_featured_image":false,"footnotes":""},"class_list":["post-1970","page","type-page","status-publish","hentry"],"acf":[],"yoast_head":"<!-- This site is optimized with the Yoast SEO plugin v26.9 - https:\/\/yoast.com\/product\/yoast-seo-wordpress\/ -->\n<title>Plan du site - Navigateur CDN 3.0<\/title>\n<meta name=\"robots\" content=\"index, follow, max-snippet:-1, max-image-preview:large, max-video-preview:-1\" \/>\n<link rel=\"canonical\" href=\"https:\/\/ndcnavigator.org\/fr\/plan-du-site\/\" \/>\n<meta property=\"og:locale\" content=\"fr_FR\" \/>\n<meta property=\"og:type\" content=\"article\" \/>\n<meta property=\"og:title\" content=\"Plan du site - Navigateur CDN 3.0\" \/>\n<meta property=\"og:url\" content=\"https:\/\/ndcnavigator.org\/fr\/plan-du-site\/\" \/>\n<meta property=\"og:site_name\" content=\"Navigateur CDN 3.0\" \/>\n<meta property=\"article:publisher\" content=\"https:\/\/www.facebook.com\/ndcpartnership\/\" \/>\n<meta property=\"article:modified_time\" content=\"2024-08-28T11:27:01+00:00\" \/>\n<meta name=\"twitter:card\" content=\"summary_large_image\" \/>\n<meta name=\"twitter:site\" content=\"@ndcpartnership\" \/>\n<script type=\"application\/ld+json\" class=\"yoast-schema-graph\">{\"@context\":\"https:\/\/schema.org\",\"@graph\":[{\"@type\":\"WebPage\",\"@id\":\"https:\/\/ndcnavigator.org\/fr\/plan-du-site\/\",\"url\":\"https:\/\/ndcnavigator.org\/fr\/plan-du-site\/\",\"name\":\"Plan du site - Navigateur CDN 3.0\",\"isPartOf\":{\"@id\":\"https:\/\/ndcnavigator.org\/fr\/#website\"},\"datePublished\":\"2024-05-20T14:58:36+00:00\",\"dateModified\":\"2024-08-28T11:27:01+00:00\",\"breadcrumb\":{\"@id\":\"https:\/\/ndcnavigator.org\/fr\/plan-du-site\/#breadcrumb\"},\"inLanguage\":\"fr-FR\",\"potentialAction\":[{\"@type\":\"ReadAction\",\"target\":[\"https:\/\/ndcnavigator.org\/fr\/plan-du-site\/\"]}]},{\"@type\":\"BreadcrumbList\",\"@id\":\"https:\/\/ndcnavigator.org\/fr\/plan-du-site\/#breadcrumb\",\"itemListElement\":[{\"@type\":\"ListItem\",\"position\":1,\"name\":\"Home\",\"item\":\"https:\/\/ndcnavigator.org\/fr\/\"},{\"@type\":\"ListItem\",\"position\":2,\"name\":\"Plan du site\"}]},{\"@type\":\"WebSite\",\"@id\":\"https:\/\/ndcnavigator.org\/fr\/#website\",\"url\":\"https:\/\/ndcnavigator.org\/fr\/\",\"name\":\"NDC 3.0 Navigator\",\"description\":\"\",\"publisher\":{\"@id\":\"https:\/\/ndcnavigator.org\/fr\/#organization\"},\"potentialAction\":[{\"@type\":\"SearchAction\",\"target\":{\"@type\":\"EntryPoint\",\"urlTemplate\":\"https:\/\/ndcnavigator.org\/fr\/?s={search_term_string}\"},\"query-input\":{\"@type\":\"PropertyValueSpecification\",\"valueRequired\":true,\"valueName\":\"search_term_string\"}}],\"inLanguage\":\"fr-FR\"},{\"@type\":\"Organization\",\"@id\":\"https:\/\/ndcnavigator.org\/fr\/#organization\",\"name\":\"NDC Partnership\",\"url\":\"https:\/\/ndcnavigator.org\/fr\/\",\"logo\":{\"@type\":\"ImageObject\",\"inLanguage\":\"fr-FR\",\"@id\":\"https:\/\/ndcnavigator.org\/fr\/#\/schema\/logo\/image\/\",\"url\":\"https:\/\/ndcnavigator.org\/wp-content\/uploads\/2024\/05\/logo-ndcp.png\",\"contentUrl\":\"https:\/\/ndcnavigator.org\/wp-content\/uploads\/2024\/05\/logo-ndcp.png\",\"width\":460,\"height\":260,\"caption\":\"NDC Partnership\"},\"image\":{\"@id\":\"https:\/\/ndcnavigator.org\/fr\/#\/schema\/logo\/image\/\"},\"sameAs\":[\"https:\/\/www.facebook.com\/ndcpartnership\/\",\"https:\/\/x.com\/ndcpartnership\",\"https:\/\/www.linkedin.com\/company\/ndcpartnership\/\",\"https:\/\/www.youtube.com\/channel\/UCI9wdmuD1OsgqipKpTUGSsg\",\"https:\/\/www.instagram.com\/ndcpartnership\/\",\"https:\/\/issuu.com\/ndcpartnership\"]}]}<\/script>\n<!-- \/ Yoast SEO plugin. -->","yoast_head_json":{"title":"Plan du site - Navigateur CDN 3.0","robots":{"index":"index","follow":"follow","max-snippet":"max-snippet:-1","max-image-preview":"max-image-preview:large","max-video-preview":"max-video-preview:-1"},"canonical":"https:\/\/ndcnavigator.org\/fr\/plan-du-site\/","og_locale":"fr_FR","og_type":"article","og_title":"Plan du site - Navigateur CDN 3.0","og_url":"https:\/\/ndcnavigator.org\/fr\/plan-du-site\/","og_site_name":"Navigateur CDN 3.0","article_publisher":"https:\/\/www.facebook.com\/ndcpartnership\/","article_modified_time":"2024-08-28T11:27:01+00:00","twitter_card":"summary_large_image","twitter_site":"@ndcpartnership","schema":{"@context":"https:\/\/schema.org","@graph":[{"@type":"WebPage","@id":"https:\/\/ndcnavigator.org\/fr\/plan-du-site\/","url":"https:\/\/ndcnavigator.org\/fr\/plan-du-site\/","name":"Plan du site - Navigateur CDN 3.0","isPartOf":{"@id":"https:\/\/ndcnavigator.org\/fr\/#website"},"datePublished":"2024-05-20T14:58:36+00:00","dateModified":"2024-08-28T11:27:01+00:00","breadcrumb":{"@id":"https:\/\/ndcnavigator.org\/fr\/plan-du-site\/#breadcrumb"},"inLanguage":"fr-FR","potentialAction":[{"@type":"ReadAction","target":["https:\/\/ndcnavigator.org\/fr\/plan-du-site\/"]}]},{"@type":"BreadcrumbList","@id":"https:\/\/ndcnavigator.org\/fr\/plan-du-site\/#breadcrumb","itemListElement":[{"@type":"ListItem","position":1,"name":"Home","item":"https:\/\/ndcnavigator.org\/fr\/"},{"@type":"ListItem","position":2,"name":"Plan du site"}]},{"@type":"WebSite","@id":"https:\/\/ndcnavigator.org\/fr\/#website","url":"https:\/\/ndcnavigator.org\/fr\/","name":"NDC 3.0 Navigator","description":"","publisher":{"@id":"https:\/\/ndcnavigator.org\/fr\/#organization"},"potentialAction":[{"@type":"SearchAction","target":{"@type":"EntryPoint","urlTemplate":"https:\/\/ndcnavigator.org\/fr\/?s={search_term_string}"},"query-input":{"@type":"PropertyValueSpecification","valueRequired":true,"valueName":"search_term_string"}}],"inLanguage":"fr-FR"},{"@type":"Organization","@id":"https:\/\/ndcnavigator.org\/fr\/#organization","name":"NDC Partnership","url":"https:\/\/ndcnavigator.org\/fr\/","logo":{"@type":"ImageObject","inLanguage":"fr-FR","@id":"https:\/\/ndcnavigator.org\/fr\/#\/schema\/logo\/image\/","url":"https:\/\/ndcnavigator.org\/wp-content\/uploads\/2024\/05\/logo-ndcp.png","contentUrl":"https:\/\/ndcnavigator.org\/wp-content\/uploads\/2024\/05\/logo-ndcp.png","width":460,"height":260,"caption":"NDC Partnership"},"image":{"@id":"https:\/\/ndcnavigator.org\/fr\/#\/schema\/logo\/image\/"},"sameAs":["https:\/\/www.facebook.com\/ndcpartnership\/","https:\/\/x.com\/ndcpartnership","https:\/\/www.linkedin.com\/company\/ndcpartnership\/","https:\/\/www.youtube.com\/channel\/UCI9wdmuD1OsgqipKpTUGSsg","https:\/\/www.instagram.com\/ndcpartnership\/","https:\/\/issuu.com\/ndcpartnership"]}]}},"_links":{"self":[{"href":"https:\/\/ndcnavigator.org\/fr\/wp-json\/wp\/v2\/pages\/1970","targetHints":{"allow":["GET"]}}],"collection":[{"href":"https:\/\/ndcnavigator.org\/fr\/wp-json\/wp\/v2\/pages"}],"about":[{"href":"https:\/\/ndcnavigator.org\/fr\/wp-json\/wp\/v2\/types\/page"}],"author":[{"embeddable":true,"href":"https:\/\/ndcnavigator.org\/fr\/wp-json\/wp\/v2\/users\/1"}],"replies":[{"embeddable":true,"href":"https:\/\/ndcnavigator.org\/fr\/wp-json\/wp\/v2\/comments?post=1970"}],"version-history":[{"count":1,"href":"https:\/\/ndcnavigator.org\/fr\/wp-json\/wp\/v2\/pages\/1970\/revisions"}],"predecessor-version":[{"id":1971,"href":"https:\/\/ndcnavigator.org\/fr\/wp-json\/wp\/v2\/pages\/1970\/revisions\/1971"}],"wp:attachment":[{"href":"https:\/\/ndcnavigator.org\/fr\/wp-json\/wp\/v2\/media?parent=1970"}],"curies":[{"name":"wp","href":"https:\/\/api.w.org\/{rel}","templated":true}]}}