{"id":2815,"date":"2025-05-13T11:27:48","date_gmt":"2025-05-13T11:27:48","guid":{"rendered":"https:\/\/ndcnavigator.org\/materiel-de-sensibilisation\/"},"modified":"2025-05-18T21:34:51","modified_gmt":"2025-05-18T21:34:51","slug":"materiel-de-sensibilisation","status":"publish","type":"page","link":"https:\/\/ndcnavigator.org\/fr\/materiel-de-sensibilisation\/","title":{"rendered":"Mat\u00e9riel de sensibilisation"},"content":{"rendered":"\n<div class=\"wp-block-group alignwide is-layout-flow wp-block-group-is-layout-flow\">\n<h2 class=\"wp-block-heading alignwide\"><span class=\"ez-toc-section\" id=\"documents\"><\/span>Documents<span class=\"ez-toc-section-end\"><\/span><\/h2>\n\n\n\n<div class=\"wp-block-group alignwide is-layout-flow wp-block-group-is-layout-flow\">\n<div class=\"wp-block-file\"><a id=\"wp-block-file--media-89a0df30-3c85-4683-85bd-b9528b86a66f\" href=\"https:\/\/ndcnavigator.org\/wp-content\/uploads\/2025\/01\/NDC-Partnership-Global-Call-for-NDCs-3.0-LT-LEDS-Brochure.pdf\">NDC-Partnership-Global-Call-for-NDCs-3.0-LT-LEDS-Brochure<\/a><\/div>\n\n\n\n<div class=\"wp-block-file\"><a id=\"wp-block-file--media-fa42a460-737e-4a62-a24e-979cfa81f5c0\" href=\"https:\/\/ndcnavigator.org\/wp-content\/uploads\/2025\/01\/10-June-2024-NDC-3.0-Navigator-Information-Sheet.pdf\">10-June-2024-NDC-3.0-Navigateur-Information-Sheet<\/a><\/div>\n<\/div>\n<\/div>\n\n<hr class=\"wp-block-separator alignwide has-alpha-channel-opacity\"\/>\n\n<div class=\"wp-block-group alignwide has-global-padding is-layout-constrained wp-block-group-is-layout-constrained\">\n<h2 class=\"wp-block-heading alignwide\"><span class=\"ez-toc-section\" id=\"videos\"><\/span>Vid\u00e9os<span class=\"ez-toc-section-end\"><\/span><\/h2>\n\n\n\n<div class=\"wp-block-columns alignwide is-layout-flex wp-container-core-columns-is-layout-28f84493 wp-block-columns-is-layout-flex\">\n<div class=\"wp-block-column is-layout-flow wp-block-column-is-layout-flow\">\n<figure class=\"wp-block-embed is-type-video is-provider-youtube wp-block-embed-youtube wp-embed-aspect-16-9 wp-has-aspect-ratio\"><div class=\"wp-block-embed__wrapper\">\n<iframe loading=\"lazy\" title=\"Navigating NDCs 3.0: Using the NDC 3.0 Navigator To Develop Ambitious and Implementable NDCs\" width=\"500\" height=\"281\" src=\"https:\/\/www.youtube.com\/embed\/wC3phLT79aQ?feature=oembed\" frameborder=\"0\" allow=\"accelerometer; autoplay; clipboard-write; encrypted-media; gyroscope; picture-in-picture; web-share\" referrerpolicy=\"strict-origin-when-cross-origin\" allowfullscreen><\/iframe>\n<\/div><\/figure>\n\n\n\n<h4 class=\"wp-block-heading\">Naviguer dans les CDN 3.0 : Utiliser le site Navigateur CDN 3.0 pour \u00e9laborer des CDN ambitieux et applicables<\/h4>\n<\/div>\n\n\n\n<div class=\"wp-block-column is-layout-flow wp-block-column-is-layout-flow\">\n<figure class=\"wp-block-embed is-type-video is-provider-youtube wp-block-embed-youtube wp-embed-aspect-16-9 wp-has-aspect-ratio\"><div class=\"wp-block-embed__wrapper\">\n<iframe loading=\"lazy\" title=\"NDC 3.0 Navigator: A Tool for the Development of NDCs\" width=\"500\" height=\"281\" src=\"https:\/\/www.youtube.com\/embed\/lxZOD7F3-PI?feature=oembed\" frameborder=\"0\" allow=\"accelerometer; autoplay; clipboard-write; encrypted-media; gyroscope; picture-in-picture; web-share\" referrerpolicy=\"strict-origin-when-cross-origin\" allowfullscreen><\/iframe>\n<\/div><\/figure>\n\n\n\n<h4 class=\"wp-block-heading\">Navigateur CDN 3.0: Un outil pour l&#8217;\u00e9laboration des CDN<\/h4>\n<\/div>\n<\/div>\n<\/div>\n","protected":false},"excerpt":{"rendered":"<p>Documents Vid\u00e9os Naviguer dans les CDN 3.0 : Utiliser le site Navigateur CDN 3.0 pour \u00e9laborer des CDN ambitieux et applicables Navigateur CDN 3.0: Un outil pour l&#8217;\u00e9laboration des CDN<\/p>\n","protected":false},"author":1,"featured_media":0,"parent":0,"menu_order":10,"comment_status":"closed","ping_status":"closed","template":"","meta":{"_acf_changed":false,"inline_featured_image":false,"footnotes":""},"class_list":["post-2815","page","type-page","status-publish","hentry"],"acf":[],"yoast_head":"<!-- This site is optimized with the Yoast SEO plugin v27.4 - https:\/\/yoast.com\/product\/yoast-seo-wordpress\/ -->\n<title>Mat\u00e9riel de sensibilisation - Navigateur CDN 3.0<\/title>\n<meta name=\"robots\" content=\"index, follow, max-snippet:-1, max-image-preview:large, max-video-preview:-1\" \/>\n<link rel=\"canonical\" href=\"https:\/\/ndcnavigator.org\/fr\/materiel-de-sensibilisation\/\" \/>\n<meta property=\"og:locale\" content=\"fr_FR\" \/>\n<meta property=\"og:type\" content=\"article\" \/>\n<meta property=\"og:title\" content=\"Mat\u00e9riel de sensibilisation - Navigateur CDN 3.0\" \/>\n<meta property=\"og:description\" content=\"Documents Vid\u00e9os Naviguer dans les CDN 3.0 : Utiliser le site Navigateur CDN 3.0 pour \u00e9laborer des CDN ambitieux et applicables Navigateur CDN 3.0: Un outil pour l&#8217;\u00e9laboration des CDN\" \/>\n<meta property=\"og:url\" content=\"https:\/\/ndcnavigator.org\/fr\/materiel-de-sensibilisation\/\" \/>\n<meta property=\"og:site_name\" content=\"Navigateur CDN 3.0\" \/>\n<meta property=\"article:publisher\" content=\"https:\/\/www.facebook.com\/ndcpartnership\/\" \/>\n<meta property=\"article:modified_time\" content=\"2025-05-18T21:34:51+00:00\" \/>\n<meta name=\"twitter:card\" content=\"summary_large_image\" \/>\n<meta name=\"twitter:site\" content=\"@ndcpartnership\" \/>\n<script type=\"application\/ld+json\" class=\"yoast-schema-graph\">{\"@context\":\"https:\\\/\\\/schema.org\",\"@graph\":[{\"@type\":\"WebPage\",\"@id\":\"https:\\\/\\\/ndcnavigator.org\\\/fr\\\/materiel-de-sensibilisation\\\/\",\"url\":\"https:\\\/\\\/ndcnavigator.org\\\/fr\\\/materiel-de-sensibilisation\\\/\",\"name\":\"Mat\u00e9riel de sensibilisation - Navigateur CDN 3.0\",\"isPartOf\":{\"@id\":\"https:\\\/\\\/ndcnavigator.org\\\/fr\\\/#website\"},\"datePublished\":\"2025-05-13T11:27:48+00:00\",\"dateModified\":\"2025-05-18T21:34:51+00:00\",\"breadcrumb\":{\"@id\":\"https:\\\/\\\/ndcnavigator.org\\\/fr\\\/materiel-de-sensibilisation\\\/#breadcrumb\"},\"inLanguage\":\"fr-FR\",\"potentialAction\":[{\"@type\":\"ReadAction\",\"target\":[\"https:\\\/\\\/ndcnavigator.org\\\/fr\\\/materiel-de-sensibilisation\\\/\"]}]},{\"@type\":\"BreadcrumbList\",\"@id\":\"https:\\\/\\\/ndcnavigator.org\\\/fr\\\/materiel-de-sensibilisation\\\/#breadcrumb\",\"itemListElement\":[{\"@type\":\"ListItem\",\"position\":1,\"name\":\"Home\",\"item\":\"https:\\\/\\\/ndcnavigator.org\\\/fr\\\/\"},{\"@type\":\"ListItem\",\"position\":2,\"name\":\"Mat\u00e9riel de sensibilisation\"}]},{\"@type\":\"WebSite\",\"@id\":\"https:\\\/\\\/ndcnavigator.org\\\/fr\\\/#website\",\"url\":\"https:\\\/\\\/ndcnavigator.org\\\/fr\\\/\",\"name\":\"NDC 3.0 Navigator\",\"description\":\"\",\"publisher\":{\"@id\":\"https:\\\/\\\/ndcnavigator.org\\\/fr\\\/#organization\"},\"potentialAction\":[{\"@type\":\"SearchAction\",\"target\":{\"@type\":\"EntryPoint\",\"urlTemplate\":\"https:\\\/\\\/ndcnavigator.org\\\/fr\\\/?s={search_term_string}\"},\"query-input\":{\"@type\":\"PropertyValueSpecification\",\"valueRequired\":true,\"valueName\":\"search_term_string\"}}],\"inLanguage\":\"fr-FR\"},{\"@type\":\"Organization\",\"@id\":\"https:\\\/\\\/ndcnavigator.org\\\/fr\\\/#organization\",\"name\":\"NDC Partnership\",\"url\":\"https:\\\/\\\/ndcnavigator.org\\\/fr\\\/\",\"logo\":{\"@type\":\"ImageObject\",\"inLanguage\":\"fr-FR\",\"@id\":\"https:\\\/\\\/ndcnavigator.org\\\/fr\\\/#\\\/schema\\\/logo\\\/image\\\/\",\"url\":\"https:\\\/\\\/ndcnavigator.org\\\/wp-content\\\/uploads\\\/2024\\\/05\\\/logo-ndcp.png\",\"contentUrl\":\"https:\\\/\\\/ndcnavigator.org\\\/wp-content\\\/uploads\\\/2024\\\/05\\\/logo-ndcp.png\",\"width\":460,\"height\":260,\"caption\":\"NDC Partnership\"},\"image\":{\"@id\":\"https:\\\/\\\/ndcnavigator.org\\\/fr\\\/#\\\/schema\\\/logo\\\/image\\\/\"},\"sameAs\":[\"https:\\\/\\\/www.facebook.com\\\/ndcpartnership\\\/\",\"https:\\\/\\\/x.com\\\/ndcpartnership\",\"https:\\\/\\\/www.linkedin.com\\\/company\\\/ndcpartnership\\\/\",\"https:\\\/\\\/www.youtube.com\\\/channel\\\/UCI9wdmuD1OsgqipKpTUGSsg\",\"https:\\\/\\\/www.instagram.com\\\/ndcpartnership\\\/\",\"https:\\\/\\\/issuu.com\\\/ndcpartnership\"]}]}<\/script>\n<!-- \/ Yoast SEO plugin. -->","yoast_head_json":{"title":"Mat\u00e9riel de sensibilisation - Navigateur CDN 3.0","robots":{"index":"index","follow":"follow","max-snippet":"max-snippet:-1","max-image-preview":"max-image-preview:large","max-video-preview":"max-video-preview:-1"},"canonical":"https:\/\/ndcnavigator.org\/fr\/materiel-de-sensibilisation\/","og_locale":"fr_FR","og_type":"article","og_title":"Mat\u00e9riel de sensibilisation - Navigateur CDN 3.0","og_description":"Documents Vid\u00e9os Naviguer dans les CDN 3.0 : Utiliser le site Navigateur CDN 3.0 pour \u00e9laborer des CDN ambitieux et applicables Navigateur CDN 3.0: Un outil pour l&#8217;\u00e9laboration des CDN","og_url":"https:\/\/ndcnavigator.org\/fr\/materiel-de-sensibilisation\/","og_site_name":"Navigateur CDN 3.0","article_publisher":"https:\/\/www.facebook.com\/ndcpartnership\/","article_modified_time":"2025-05-18T21:34:51+00:00","twitter_card":"summary_large_image","twitter_site":"@ndcpartnership","schema":{"@context":"https:\/\/schema.org","@graph":[{"@type":"WebPage","@id":"https:\/\/ndcnavigator.org\/fr\/materiel-de-sensibilisation\/","url":"https:\/\/ndcnavigator.org\/fr\/materiel-de-sensibilisation\/","name":"Mat\u00e9riel de sensibilisation - Navigateur CDN 3.0","isPartOf":{"@id":"https:\/\/ndcnavigator.org\/fr\/#website"},"datePublished":"2025-05-13T11:27:48+00:00","dateModified":"2025-05-18T21:34:51+00:00","breadcrumb":{"@id":"https:\/\/ndcnavigator.org\/fr\/materiel-de-sensibilisation\/#breadcrumb"},"inLanguage":"fr-FR","potentialAction":[{"@type":"ReadAction","target":["https:\/\/ndcnavigator.org\/fr\/materiel-de-sensibilisation\/"]}]},{"@type":"BreadcrumbList","@id":"https:\/\/ndcnavigator.org\/fr\/materiel-de-sensibilisation\/#breadcrumb","itemListElement":[{"@type":"ListItem","position":1,"name":"Home","item":"https:\/\/ndcnavigator.org\/fr\/"},{"@type":"ListItem","position":2,"name":"Mat\u00e9riel de sensibilisation"}]},{"@type":"WebSite","@id":"https:\/\/ndcnavigator.org\/fr\/#website","url":"https:\/\/ndcnavigator.org\/fr\/","name":"NDC 3.0 Navigator","description":"","publisher":{"@id":"https:\/\/ndcnavigator.org\/fr\/#organization"},"potentialAction":[{"@type":"SearchAction","target":{"@type":"EntryPoint","urlTemplate":"https:\/\/ndcnavigator.org\/fr\/?s={search_term_string}"},"query-input":{"@type":"PropertyValueSpecification","valueRequired":true,"valueName":"search_term_string"}}],"inLanguage":"fr-FR"},{"@type":"Organization","@id":"https:\/\/ndcnavigator.org\/fr\/#organization","name":"NDC Partnership","url":"https:\/\/ndcnavigator.org\/fr\/","logo":{"@type":"ImageObject","inLanguage":"fr-FR","@id":"https:\/\/ndcnavigator.org\/fr\/#\/schema\/logo\/image\/","url":"https:\/\/ndcnavigator.org\/wp-content\/uploads\/2024\/05\/logo-ndcp.png","contentUrl":"https:\/\/ndcnavigator.org\/wp-content\/uploads\/2024\/05\/logo-ndcp.png","width":460,"height":260,"caption":"NDC Partnership"},"image":{"@id":"https:\/\/ndcnavigator.org\/fr\/#\/schema\/logo\/image\/"},"sameAs":["https:\/\/www.facebook.com\/ndcpartnership\/","https:\/\/x.com\/ndcpartnership","https:\/\/www.linkedin.com\/company\/ndcpartnership\/","https:\/\/www.youtube.com\/channel\/UCI9wdmuD1OsgqipKpTUGSsg","https:\/\/www.instagram.com\/ndcpartnership\/","https:\/\/issuu.com\/ndcpartnership"]}]}},"_links":{"self":[{"href":"https:\/\/ndcnavigator.org\/fr\/wp-json\/wp\/v2\/pages\/2815","targetHints":{"allow":["GET"]}}],"collection":[{"href":"https:\/\/ndcnavigator.org\/fr\/wp-json\/wp\/v2\/pages"}],"about":[{"href":"https:\/\/ndcnavigator.org\/fr\/wp-json\/wp\/v2\/types\/page"}],"author":[{"embeddable":true,"href":"https:\/\/ndcnavigator.org\/fr\/wp-json\/wp\/v2\/users\/1"}],"replies":[{"embeddable":true,"href":"https:\/\/ndcnavigator.org\/fr\/wp-json\/wp\/v2\/comments?post=2815"}],"version-history":[{"count":1,"href":"https:\/\/ndcnavigator.org\/fr\/wp-json\/wp\/v2\/pages\/2815\/revisions"}],"predecessor-version":[{"id":2816,"href":"https:\/\/ndcnavigator.org\/fr\/wp-json\/wp\/v2\/pages\/2815\/revisions\/2816"}],"wp:attachment":[{"href":"https:\/\/ndcnavigator.org\/fr\/wp-json\/wp\/v2\/media?parent=2815"}],"curies":[{"name":"wp","href":"https:\/\/api.w.org\/{rel}","templated":true}]}}